{"id":13,"date":"2024-07-25T07:29:49","date_gmt":"2024-07-25T06:29:49","guid":{"rendered":"https:\/\/gmp-slovakia.com\/?page_id=13"},"modified":"2025-07-22T08:59:46","modified_gmt":"2025-07-22T07:59:46","slug":"home","status":"publish","type":"page","link":"https:\/\/www.gmpreels.com\/en\/","title":{"rendered":"Home"},"content":{"rendered":"","protected":false},"excerpt":{"rendered":"","protected":false},"author":1,"featured_media":0,"parent":0,"menu_order":3,"comment_status":"closed","ping_status":"closed","template":"","meta":{"_acf_changed":false,"inline_featured_image":false,"footnotes":""},"class_list":["post-13","page","type-page","status-publish","hentry"],"acf":[],"yoast_head":"<!-- This site is optimized with the Yoast SEO plugin v27.5 - https:\/\/yoast.com\/product\/yoast-seo-wordpress\/ -->\n<title>Steel Reels &amp; Handling Equipment Production - GMP Reels<\/title>\n<meta name=\"description\" content=\"GMP Reels is worldwide leader in the production of steel reels, collapsible reels &amp; handling equipment for the wire\/cable industry. See all Products!\" \/>\n<meta name=\"robots\" content=\"index, follow, max-snippet:-1, max-image-preview:large, max-video-preview:-1\" \/>\n<link rel=\"canonical\" href=\"https:\/\/www.gmpreels.com\/en\/\" \/>\n<meta property=\"og:locale\" content=\"en_US\" \/>\n<meta property=\"og:type\" content=\"article\" \/>\n<meta property=\"og:title\" content=\"Steel Reels &amp; Handling Equipment Production - GMP Reels\" \/>\n<meta property=\"og:description\" content=\"GMP Reels is worldwide leader in the production of steel reels, collapsible reels &amp; handling equipment for the wire\/cable industry. See all Products!\" \/>\n<meta property=\"og:url\" content=\"https:\/\/www.gmpreels.com\/en\/\" \/>\n<meta property=\"og:site_name\" content=\"GMP Reels\" \/>\n<meta property=\"article:modified_time\" content=\"2025-07-22T07:59:46+00:00\" \/>\n<meta name=\"twitter:card\" content=\"summary_large_image\" \/>\n<script type=\"application\/ld+json\" class=\"yoast-schema-graph\">{\"@context\":\"https:\\\/\\\/schema.org\",\"@graph\":[{\"@type\":\"WebPage\",\"@id\":\"https:\\\/\\\/www.gmpreels.com\\\/en\\\/\",\"url\":\"https:\\\/\\\/www.gmpreels.com\\\/en\\\/\",\"name\":\"Steel Reels & Handling Equipment Production - GMP Reels\",\"isPartOf\":{\"@id\":\"https:\\\/\\\/www.gmpreels.com\\\/en\\\/#website\"},\"datePublished\":\"2024-07-25T06:29:49+00:00\",\"dateModified\":\"2025-07-22T07:59:46+00:00\",\"description\":\"GMP Reels is worldwide leader in the production of steel reels, collapsible reels & handling equipment for the wire\\\/cable industry. See all Products!\",\"breadcrumb\":{\"@id\":\"https:\\\/\\\/www.gmpreels.com\\\/en\\\/#breadcrumb\"},\"inLanguage\":\"en-US\",\"potentialAction\":[{\"@type\":\"ReadAction\",\"target\":[\"https:\\\/\\\/www.gmpreels.com\\\/en\\\/\"]}]},{\"@type\":\"BreadcrumbList\",\"@id\":\"https:\\\/\\\/www.gmpreels.com\\\/en\\\/#breadcrumb\",\"itemListElement\":[{\"@type\":\"ListItem\",\"position\":1,\"name\":\"Home\",\"item\":\"https:\\\/\\\/www.gmpreels.com\\\/en\\\/\"},{\"@type\":\"ListItem\",\"position\":2,\"name\":\"Home\"}]},{\"@type\":\"WebSite\",\"@id\":\"https:\\\/\\\/www.gmpreels.com\\\/en\\\/#website\",\"url\":\"https:\\\/\\\/www.gmpreels.com\\\/en\\\/\",\"name\":\"GMP Reels\",\"description\":\"\",\"publisher\":{\"@id\":\"https:\\\/\\\/www.gmpreels.com\\\/en\\\/#organization\"},\"potentialAction\":[{\"@type\":\"SearchAction\",\"target\":{\"@type\":\"EntryPoint\",\"urlTemplate\":\"https:\\\/\\\/www.gmpreels.com\\\/en\\\/?s={search_term_string}\"},\"query-input\":{\"@type\":\"PropertyValueSpecification\",\"valueRequired\":true,\"valueName\":\"search_term_string\"}}],\"inLanguage\":\"en-US\"},{\"@type\":\"Organization\",\"@id\":\"https:\\\/\\\/www.gmpreels.com\\\/en\\\/#organization\",\"name\":\"GMP Reels\",\"url\":\"https:\\\/\\\/www.gmpreels.com\\\/en\\\/\",\"logo\":{\"@type\":\"ImageObject\",\"inLanguage\":\"en-US\",\"@id\":\"https:\\\/\\\/www.gmpreels.com\\\/en\\\/#\\\/schema\\\/logo\\\/image\\\/\",\"url\":\"https:\\\/\\\/www.gmpreels.com\\\/wp-content\\\/uploads\\\/2021\\\/03\\\/Logo-GMP-Slovakia.png\",\"contentUrl\":\"https:\\\/\\\/www.gmpreels.com\\\/wp-content\\\/uploads\\\/2021\\\/03\\\/Logo-GMP-Slovakia.png\",\"width\":352,\"height\":401,\"caption\":\"GMP Reels\"},\"image\":\"https:\\\/\\\/gmpreels.com\\\/wp-content\\\/uploads\\\/2021\\\/04\\\/SEDE-GMP-2-300x159.png\",\"brand\":\"GMP Reels\",\"email\":\"sales@gmp-slovakia.com\",\"telephone\":\"+421 30 995 33 51\",\"subOrganization\":[{\"@type\":\"Organization\",\"name\":\"GMP Slovakia s.r.o.\",\"description\":\"Headquarter & Slovakian manufacturing plant\",\"address\":{\"@type\":\"PostalAddress\",\"streetAddress\":\"UL Stani\u010dn\u00e1 \u010d. 109\",\"postalCode\":\"07651\",\"addressLocality\":\"Pribenik\",\"addressCountry\":\"Slovakia\"}},{\"@type\":\"Organization\",\"name\":\"GMP Reels India Private Ltd\",\"description\":\"Indian manufacturing plant\",\"address\":{\"@type\":\"PostalAddress\",\"streetAddress\":\"Sancheti Warehousing Complex, Gat. No. 217 Ambe Hill, Opposite Apollo Tyres Jaulke, Taluka Dindori\",\"addressLocality\":\"Nashik\",\"addressRegion\":\"Maharashtra\",\"postalCode\":\"422207\",\"addressCountry\":\"India\"}},{\"@type\":\"Organization\",\"name\":\"GMP Reels - Sede Italia\",\"description\":\"Italian headquarter\",\"address\":{\"@type\":\"PostalAddress\",\"streetAddress\":\"Via Garibaldi, 2\",\"postalCode\":\"25010\",\"addressLocality\":\"Remedello (BS)\",\"addressCountry\":\"Italy\"}}]}]}<\/script>\n<!-- \/ Yoast SEO plugin. -->","yoast_head_json":{"title":"Steel Reels & Handling Equipment Production - GMP Reels","description":"GMP Reels is worldwide leader in the production of steel reels, collapsible reels & handling equipment for the wire\/cable industry. See all Products!","robots":{"index":"index","follow":"follow","max-snippet":"max-snippet:-1","max-image-preview":"max-image-preview:large","max-video-preview":"max-video-preview:-1"},"canonical":"https:\/\/www.gmpreels.com\/en\/","og_locale":"en_US","og_type":"article","og_title":"Steel Reels & Handling Equipment Production - GMP Reels","og_description":"GMP Reels is worldwide leader in the production of steel reels, collapsible reels & handling equipment for the wire\/cable industry. See all Products!","og_url":"https:\/\/www.gmpreels.com\/en\/","og_site_name":"GMP Reels","article_modified_time":"2025-07-22T07:59:46+00:00","twitter_card":"summary_large_image","schema":{"@context":"https:\/\/schema.org","@graph":[{"@type":"WebPage","@id":"https:\/\/www.gmpreels.com\/en\/","url":"https:\/\/www.gmpreels.com\/en\/","name":"Steel Reels & Handling Equipment Production - GMP Reels","isPartOf":{"@id":"https:\/\/www.gmpreels.com\/en\/#website"},"datePublished":"2024-07-25T06:29:49+00:00","dateModified":"2025-07-22T07:59:46+00:00","description":"GMP Reels is worldwide leader in the production of steel reels, collapsible reels & handling equipment for the wire\/cable industry. See all Products!","breadcrumb":{"@id":"https:\/\/www.gmpreels.com\/en\/#breadcrumb"},"inLanguage":"en-US","potentialAction":[{"@type":"ReadAction","target":["https:\/\/www.gmpreels.com\/en\/"]}]},{"@type":"BreadcrumbList","@id":"https:\/\/www.gmpreels.com\/en\/#breadcrumb","itemListElement":[{"@type":"ListItem","position":1,"name":"Home","item":"https:\/\/www.gmpreels.com\/en\/"},{"@type":"ListItem","position":2,"name":"Home"}]},{"@type":"WebSite","@id":"https:\/\/www.gmpreels.com\/en\/#website","url":"https:\/\/www.gmpreels.com\/en\/","name":"GMP Reels","description":"","publisher":{"@id":"https:\/\/www.gmpreels.com\/en\/#organization"},"potentialAction":[{"@type":"SearchAction","target":{"@type":"EntryPoint","urlTemplate":"https:\/\/www.gmpreels.com\/en\/?s={search_term_string}"},"query-input":{"@type":"PropertyValueSpecification","valueRequired":true,"valueName":"search_term_string"}}],"inLanguage":"en-US"},{"@type":"Organization","@id":"https:\/\/www.gmpreels.com\/en\/#organization","name":"GMP Reels","url":"https:\/\/www.gmpreels.com\/en\/","logo":{"@type":"ImageObject","inLanguage":"en-US","@id":"https:\/\/www.gmpreels.com\/en\/#\/schema\/logo\/image\/","url":"https:\/\/www.gmpreels.com\/wp-content\/uploads\/2021\/03\/Logo-GMP-Slovakia.png","contentUrl":"https:\/\/www.gmpreels.com\/wp-content\/uploads\/2021\/03\/Logo-GMP-Slovakia.png","width":352,"height":401,"caption":"GMP Reels"},"image":"https:\/\/gmpreels.com\/wp-content\/uploads\/2021\/04\/SEDE-GMP-2-300x159.png","brand":"GMP Reels","email":"sales@gmp-slovakia.com","telephone":"+421 30 995 33 51","subOrganization":[{"@type":"Organization","name":"GMP Slovakia s.r.o.","description":"Headquarter & Slovakian manufacturing plant","address":{"@type":"PostalAddress","streetAddress":"UL Stani\u010dn\u00e1 \u010d. 109","postalCode":"07651","addressLocality":"Pribenik","addressCountry":"Slovakia"}},{"@type":"Organization","name":"GMP Reels India Private Ltd","description":"Indian manufacturing plant","address":{"@type":"PostalAddress","streetAddress":"Sancheti Warehousing Complex, Gat. No. 217 Ambe Hill, Opposite Apollo Tyres Jaulke, Taluka Dindori","addressLocality":"Nashik","addressRegion":"Maharashtra","postalCode":"422207","addressCountry":"India"}},{"@type":"Organization","name":"GMP Reels - Sede Italia","description":"Italian headquarter","address":{"@type":"PostalAddress","streetAddress":"Via Garibaldi, 2","postalCode":"25010","addressLocality":"Remedello (BS)","addressCountry":"Italy"}}]}]}},"_links":{"self":[{"href":"https:\/\/www.gmpreels.com\/en\/wp-json\/wp\/v2\/pages\/13","targetHints":{"allow":["GET"]}}],"collection":[{"href":"https:\/\/www.gmpreels.com\/en\/wp-json\/wp\/v2\/pages"}],"about":[{"href":"https:\/\/www.gmpreels.com\/en\/wp-json\/wp\/v2\/types\/page"}],"author":[{"embeddable":true,"href":"https:\/\/www.gmpreels.com\/en\/wp-json\/wp\/v2\/users\/1"}],"replies":[{"embeddable":true,"href":"https:\/\/www.gmpreels.com\/en\/wp-json\/wp\/v2\/comments?post=13"}],"version-history":[{"count":47,"href":"https:\/\/www.gmpreels.com\/en\/wp-json\/wp\/v2\/pages\/13\/revisions"}],"predecessor-version":[{"id":3207,"href":"https:\/\/www.gmpreels.com\/en\/wp-json\/wp\/v2\/pages\/13\/revisions\/3207"}],"wp:attachment":[{"href":"https:\/\/www.gmpreels.com\/en\/wp-json\/wp\/v2\/media?parent=13"}],"curies":[{"name":"wp","href":"https:\/\/api.w.org\/{rel}","templated":true}]}}