{"id":231,"date":"2013-07-17T14:35:24","date_gmt":"2013-07-17T13:35:24","guid":{"rendered":"https:\/\/www.gmpreels.com\/wp\/?page_id=12"},"modified":"2026-03-12T17:06:03","modified_gmt":"2026-03-12T16:06:03","slug":"single-wall","status":"publish","type":"page","link":"https:\/\/www.gmpreels.com\/en\/steel-reels\/single-wall\/","title":{"rendered":"Single Wall"},"content":{"rendered":"<p>&nbsp;<\/p>\n\n\t\t<style type=\"text\/css\">\n\t\t\t#gallery-1 {\n\t\t\t\tmargin: auto;\n\t\t\t}\n\t\t\t#gallery-1 .gallery-item {\n\t\t\t\tfloat: left;\n\t\t\t\tmargin-top: 10px;\n\t\t\t\ttext-align: center;\n\t\t\t\twidth: 33%;\n\t\t\t}\n\t\t\t#gallery-1 img {\n\t\t\t\tborder: 2px solid #cfcfcf;\n\t\t\t}\n\t\t\t#gallery-1 .gallery-caption {\n\t\t\t\tmargin-left: 0;\n\t\t\t}\n\t\t\t\/* see gallery_shortcode() in wp-includes\/media.php *\/\n\t\t<\/style>\n\t\t<div id='gallery-1' class='gallery galleryid-231 gallery-columns-3 gallery-size-thumbnail'><dl class='gallery-item'>\n\t\t\t<dt class='gallery-icon landscape'>\n\t\t\t\t<a href='https:\/\/www.gmpreels.com\/en\/800-mm-flange-with-accumulating-wire-system\/'><img decoding=\"async\" width=\"150\" height=\"93\" src=\"https:\/\/www.gmpreels.com\/wp-content\/uploads\/2013\/07\/steel-reel-800-mm-flange-red-275x170.jpg\" class=\"attachment-thumbnail size-thumbnail\" alt=\"Steel reel 800 mm flange, red color\" \/><\/a>\n\t\t\t<\/dt><\/dl><dl class='gallery-item'>\n\t\t\t<dt class='gallery-icon landscape'>\n\t\t\t\t<a href='https:\/\/www.gmpreels.com\/en\/1000-mm-flange\/'><img decoding=\"async\" width=\"150\" height=\"93\" src=\"https:\/\/www.gmpreels.com\/wp-content\/uploads\/2013\/07\/1000-mm-flange-275x170.jpg\" class=\"attachment-thumbnail size-thumbnail\" alt=\"\" \/><\/a>\n\t\t\t<\/dt><\/dl><dl class='gallery-item'>\n\t\t\t<dt class='gallery-icon landscape'>\n\t\t\t\t<a href='https:\/\/www.gmpreels.com\/en\/bead-wire\/'><img decoding=\"async\" width=\"150\" height=\"93\" src=\"https:\/\/www.gmpreels.com\/wp-content\/uploads\/2013\/07\/single-wall-steel-reel-bead-wire-275x170.jpg\" class=\"attachment-thumbnail size-thumbnail\" alt=\"Single Wall steel reel bead wire\" \/><\/a>\n\t\t\t<\/dt><\/dl><br style=\"clear: both\" \/><dl class='gallery-item'>\n\t\t\t<dt class='gallery-icon landscape'>\n\t\t\t\t<a href='https:\/\/www.gmpreels.com\/en\/olympus-digital-camera\/'><img decoding=\"async\" width=\"150\" height=\"93\" src=\"https:\/\/www.gmpreels.com\/wp-content\/uploads\/2013\/07\/customized-driving-steel-reel-275x170.jpg\" class=\"attachment-thumbnail size-thumbnail\" alt=\"Customized driving steel reel\" \/><\/a>\n\t\t\t<\/dt><\/dl>\n\t\t\t<br style='clear: both' \/>\n\t\t<\/div>\n\n","protected":false},"excerpt":{"rendered":"<p>&nbsp;<\/p>\n","protected":false},"author":1,"featured_media":1866,"parent":229,"menu_order":8,"comment_status":"open","ping_status":"closed","template":"","meta":{"_acf_changed":false,"inline_featured_image":false,"footnotes":""},"class_list":["post-231","page","type-page","status-publish","has-post-thumbnail","hentry"],"acf":[],"yoast_head":"<!-- This site is optimized with the Yoast SEO plugin v25.9 - https:\/\/yoast.com\/wordpress\/plugins\/seo\/ -->\n<title>Single Wall Steel Reel | GMP Reels<\/title>\n<meta name=\"robots\" content=\"index, follow, max-snippet:-1, max-image-preview:large, max-video-preview:-1\" \/>\n<link rel=\"canonical\" href=\"https:\/\/www.gmpreels.com\/en\/steel-reels\/single-wall\/\" \/>\n<meta property=\"og:locale\" content=\"en_US\" \/>\n<meta property=\"og:type\" content=\"article\" \/>\n<meta property=\"og:title\" content=\"Single Wall Steel Reel | GMP Reels\" \/>\n<meta property=\"og:description\" content=\"&nbsp;\" \/>\n<meta property=\"og:url\" content=\"https:\/\/www.gmpreels.com\/en\/steel-reels\/single-wall\/\" \/>\n<meta property=\"og:site_name\" content=\"GMP Reels\" \/>\n<meta property=\"article:modified_time\" content=\"2026-03-12T16:06:03+00:00\" \/>\n<meta property=\"og:image\" content=\"https:\/\/www.gmpreels.com\/wp-content\/uploads\/2021\/04\/single-wall-steel-reel.png\" \/>\n\t<meta property=\"og:image:width\" content=\"600\" \/>\n\t<meta property=\"og:image:height\" content=\"600\" \/>\n\t<meta property=\"og:image:type\" content=\"image\/png\" \/>\n<meta name=\"twitter:card\" content=\"summary_large_image\" \/>\n<meta name=\"twitter:label1\" content=\"Est. reading time\" \/>\n\t<meta name=\"twitter:data1\" content=\"1 minute\" \/>\n<script type=\"application\/ld+json\" class=\"yoast-schema-graph\">{\"@context\":\"https:\/\/schema.org\",\"@graph\":[{\"@type\":\"WebPage\",\"@id\":\"https:\/\/www.gmpreels.com\/en\/steel-reels\/single-wall\/\",\"url\":\"https:\/\/www.gmpreels.com\/en\/steel-reels\/single-wall\/\",\"name\":\"Single Wall Steel Reel | GMP Reels\",\"isPartOf\":{\"@id\":\"https:\/\/www.gmpreels.com\/en\/#website\"},\"primaryImageOfPage\":{\"@id\":\"https:\/\/www.gmpreels.com\/en\/steel-reels\/single-wall\/#primaryimage\"},\"image\":{\"@id\":\"https:\/\/www.gmpreels.com\/en\/steel-reels\/single-wall\/#primaryimage\"},\"thumbnailUrl\":\"https:\/\/www.gmpreels.com\/wp-content\/uploads\/2021\/04\/single-wall-steel-reel.png\",\"datePublished\":\"2013-07-17T13:35:24+00:00\",\"dateModified\":\"2026-03-12T16:06:03+00:00\",\"breadcrumb\":{\"@id\":\"https:\/\/www.gmpreels.com\/en\/steel-reels\/single-wall\/#breadcrumb\"},\"inLanguage\":\"en-US\",\"potentialAction\":[{\"@type\":\"ReadAction\",\"target\":[\"https:\/\/www.gmpreels.com\/en\/steel-reels\/single-wall\/\"]}]},{\"@type\":\"ImageObject\",\"inLanguage\":\"en-US\",\"@id\":\"https:\/\/www.gmpreels.com\/en\/steel-reels\/single-wall\/#primaryimage\",\"url\":\"https:\/\/www.gmpreels.com\/wp-content\/uploads\/2021\/04\/single-wall-steel-reel.png\",\"contentUrl\":\"https:\/\/www.gmpreels.com\/wp-content\/uploads\/2021\/04\/single-wall-steel-reel.png\",\"width\":600,\"height\":600,\"caption\":\"Single wall steel reel\"},{\"@type\":\"BreadcrumbList\",\"@id\":\"https:\/\/www.gmpreels.com\/en\/steel-reels\/single-wall\/#breadcrumb\",\"itemListElement\":[{\"@type\":\"ListItem\",\"position\":1,\"name\":\"Home\",\"item\":\"https:\/\/www.gmpreels.com\/en\/\"},{\"@type\":\"ListItem\",\"position\":2,\"name\":\"Steel Cable Reels\",\"item\":\"https:\/\/www.gmpreels.com\/en\/steel-reels\/\"},{\"@type\":\"ListItem\",\"position\":3,\"name\":\"Single Wall\"}]},{\"@type\":\"WebSite\",\"@id\":\"https:\/\/www.gmpreels.com\/en\/#website\",\"url\":\"https:\/\/www.gmpreels.com\/en\/\",\"name\":\"GMP Reels\",\"description\":\"\",\"publisher\":{\"@id\":\"https:\/\/www.gmpreels.com\/en\/#organization\"},\"potentialAction\":[{\"@type\":\"SearchAction\",\"target\":{\"@type\":\"EntryPoint\",\"urlTemplate\":\"https:\/\/www.gmpreels.com\/en\/?s={search_term_string}\"},\"query-input\":{\"@type\":\"PropertyValueSpecification\",\"valueRequired\":true,\"valueName\":\"search_term_string\"}}],\"inLanguage\":\"en-US\"},{\"@type\":\"Organization\",\"@id\":\"https:\/\/www.gmpreels.com\/en\/#organization\",\"name\":\"GMP Reels\",\"url\":\"https:\/\/www.gmpreels.com\/en\/\",\"logo\":{\"@type\":\"ImageObject\",\"inLanguage\":\"en-US\",\"@id\":\"https:\/\/www.gmpreels.com\/en\/#\/schema\/logo\/image\/\",\"url\":\"https:\/\/www.gmpreels.com\/wp-content\/uploads\/2021\/03\/Logo-GMP-Slovakia.png\",\"contentUrl\":\"https:\/\/www.gmpreels.com\/wp-content\/uploads\/2021\/03\/Logo-GMP-Slovakia.png\",\"width\":352,\"height\":401,\"caption\":\"GMP Reels\"},\"image\":\"https:\/\/gmpreels.com\/wp-content\/uploads\/2021\/04\/SEDE-GMP-2-300x159.png\",\"brand\":\"GMP Reels\",\"email\":\"sales@gmp-slovakia.com\",\"telephone\":\"+421 30 995 33 51\",\"subOrganization\":[{\"@type\":\"Organization\",\"name\":\"GMP Slovakia s.r.o.\",\"description\":\"Headquarter & Slovakian manufacturing plant\",\"address\":{\"@type\":\"PostalAddress\",\"streetAddress\":\"UL Stani\u010dn\u00e1 \u010d. 109\",\"postalCode\":\"07651\",\"addressLocality\":\"Pribenik\",\"addressCountry\":\"Slovakia\"}},{\"@type\":\"Organization\",\"name\":\"GMP Reels India Private Ltd\",\"description\":\"Indian manufacturing plant\",\"address\":{\"@type\":\"PostalAddress\",\"streetAddress\":\"Sancheti Warehousing Complex, Gat. No. 217 Ambe Hill, Opposite Apollo Tyres Jaulke, Taluka Dindori\",\"addressLocality\":\"Nashik\",\"addressRegion\":\"Maharashtra\",\"postalCode\":\"422207\",\"addressCountry\":\"India\"}},{\"@type\":\"Organization\",\"name\":\"GMP Reels - Sede Italia\",\"description\":\"Italian headquarter\",\"address\":{\"@type\":\"PostalAddress\",\"streetAddress\":\"Via Garibaldi, 2\",\"postalCode\":\"25010\",\"addressLocality\":\"Remedello (BS)\",\"addressCountry\":\"Italy\"}}]}]}<\/script>\n<!-- \/ Yoast SEO plugin. -->","yoast_head_json":{"title":"Single Wall Steel Reel | GMP Reels","robots":{"index":"index","follow":"follow","max-snippet":"max-snippet:-1","max-image-preview":"max-image-preview:large","max-video-preview":"max-video-preview:-1"},"canonical":"https:\/\/www.gmpreels.com\/en\/steel-reels\/single-wall\/","og_locale":"en_US","og_type":"article","og_title":"Single Wall Steel Reel | GMP Reels","og_description":"&nbsp;","og_url":"https:\/\/www.gmpreels.com\/en\/steel-reels\/single-wall\/","og_site_name":"GMP Reels","article_modified_time":"2026-03-12T16:06:03+00:00","og_image":[{"width":600,"height":600,"url":"https:\/\/www.gmpreels.com\/wp-content\/uploads\/2021\/04\/single-wall-steel-reel.png","type":"image\/png"}],"twitter_card":"summary_large_image","twitter_misc":{"Est. reading time":"1 minute"},"schema":{"@context":"https:\/\/schema.org","@graph":[{"@type":"WebPage","@id":"https:\/\/www.gmpreels.com\/en\/steel-reels\/single-wall\/","url":"https:\/\/www.gmpreels.com\/en\/steel-reels\/single-wall\/","name":"Single Wall Steel Reel | GMP Reels","isPartOf":{"@id":"https:\/\/www.gmpreels.com\/en\/#website"},"primaryImageOfPage":{"@id":"https:\/\/www.gmpreels.com\/en\/steel-reels\/single-wall\/#primaryimage"},"image":{"@id":"https:\/\/www.gmpreels.com\/en\/steel-reels\/single-wall\/#primaryimage"},"thumbnailUrl":"https:\/\/www.gmpreels.com\/wp-content\/uploads\/2021\/04\/single-wall-steel-reel.png","datePublished":"2013-07-17T13:35:24+00:00","dateModified":"2026-03-12T16:06:03+00:00","breadcrumb":{"@id":"https:\/\/www.gmpreels.com\/en\/steel-reels\/single-wall\/#breadcrumb"},"inLanguage":"en-US","potentialAction":[{"@type":"ReadAction","target":["https:\/\/www.gmpreels.com\/en\/steel-reels\/single-wall\/"]}]},{"@type":"ImageObject","inLanguage":"en-US","@id":"https:\/\/www.gmpreels.com\/en\/steel-reels\/single-wall\/#primaryimage","url":"https:\/\/www.gmpreels.com\/wp-content\/uploads\/2021\/04\/single-wall-steel-reel.png","contentUrl":"https:\/\/www.gmpreels.com\/wp-content\/uploads\/2021\/04\/single-wall-steel-reel.png","width":600,"height":600,"caption":"Single wall steel reel"},{"@type":"BreadcrumbList","@id":"https:\/\/www.gmpreels.com\/en\/steel-reels\/single-wall\/#breadcrumb","itemListElement":[{"@type":"ListItem","position":1,"name":"Home","item":"https:\/\/www.gmpreels.com\/en\/"},{"@type":"ListItem","position":2,"name":"Steel Cable Reels","item":"https:\/\/www.gmpreels.com\/en\/steel-reels\/"},{"@type":"ListItem","position":3,"name":"Single Wall"}]},{"@type":"WebSite","@id":"https:\/\/www.gmpreels.com\/en\/#website","url":"https:\/\/www.gmpreels.com\/en\/","name":"GMP Reels","description":"","publisher":{"@id":"https:\/\/www.gmpreels.com\/en\/#organization"},"potentialAction":[{"@type":"SearchAction","target":{"@type":"EntryPoint","urlTemplate":"https:\/\/www.gmpreels.com\/en\/?s={search_term_string}"},"query-input":{"@type":"PropertyValueSpecification","valueRequired":true,"valueName":"search_term_string"}}],"inLanguage":"en-US"},{"@type":"Organization","@id":"https:\/\/www.gmpreels.com\/en\/#organization","name":"GMP Reels","url":"https:\/\/www.gmpreels.com\/en\/","logo":{"@type":"ImageObject","inLanguage":"en-US","@id":"https:\/\/www.gmpreels.com\/en\/#\/schema\/logo\/image\/","url":"https:\/\/www.gmpreels.com\/wp-content\/uploads\/2021\/03\/Logo-GMP-Slovakia.png","contentUrl":"https:\/\/www.gmpreels.com\/wp-content\/uploads\/2021\/03\/Logo-GMP-Slovakia.png","width":352,"height":401,"caption":"GMP Reels"},"image":"https:\/\/gmpreels.com\/wp-content\/uploads\/2021\/04\/SEDE-GMP-2-300x159.png","brand":"GMP Reels","email":"sales@gmp-slovakia.com","telephone":"+421 30 995 33 51","subOrganization":[{"@type":"Organization","name":"GMP Slovakia s.r.o.","description":"Headquarter & Slovakian manufacturing plant","address":{"@type":"PostalAddress","streetAddress":"UL Stani\u010dn\u00e1 \u010d. 109","postalCode":"07651","addressLocality":"Pribenik","addressCountry":"Slovakia"}},{"@type":"Organization","name":"GMP Reels India Private Ltd","description":"Indian manufacturing plant","address":{"@type":"PostalAddress","streetAddress":"Sancheti Warehousing Complex, Gat. No. 217 Ambe Hill, Opposite Apollo Tyres Jaulke, Taluka Dindori","addressLocality":"Nashik","addressRegion":"Maharashtra","postalCode":"422207","addressCountry":"India"}},{"@type":"Organization","name":"GMP Reels - Sede Italia","description":"Italian headquarter","address":{"@type":"PostalAddress","streetAddress":"Via Garibaldi, 2","postalCode":"25010","addressLocality":"Remedello (BS)","addressCountry":"Italy"}}]}]}},"_links":{"self":[{"href":"https:\/\/www.gmpreels.com\/en\/wp-json\/wp\/v2\/pages\/231","targetHints":{"allow":["GET"]}}],"collection":[{"href":"https:\/\/www.gmpreels.com\/en\/wp-json\/wp\/v2\/pages"}],"about":[{"href":"https:\/\/www.gmpreels.com\/en\/wp-json\/wp\/v2\/types\/page"}],"author":[{"embeddable":true,"href":"https:\/\/www.gmpreels.com\/en\/wp-json\/wp\/v2\/users\/1"}],"replies":[{"embeddable":true,"href":"https:\/\/www.gmpreels.com\/en\/wp-json\/wp\/v2\/comments?post=231"}],"version-history":[{"count":45,"href":"https:\/\/www.gmpreels.com\/en\/wp-json\/wp\/v2\/pages\/231\/revisions"}],"predecessor-version":[{"id":3382,"href":"https:\/\/www.gmpreels.com\/en\/wp-json\/wp\/v2\/pages\/231\/revisions\/3382"}],"up":[{"embeddable":true,"href":"https:\/\/www.gmpreels.com\/en\/wp-json\/wp\/v2\/pages\/229"}],"wp:featuredmedia":[{"embeddable":true,"href":"https:\/\/www.gmpreels.com\/en\/wp-json\/wp\/v2\/media\/1866"}],"wp:attachment":[{"href":"https:\/\/www.gmpreels.com\/en\/wp-json\/wp\/v2\/media?parent=231"}],"curies":[{"name":"wp","href":"https:\/\/api.w.org\/{rel}","templated":true}]}}