{"id":24,"date":"2013-07-17T14:37:44","date_gmt":"2013-07-17T13:37:44","guid":{"rendered":"https:\/\/www.gmpreels.com\/wp\/?page_id=24"},"modified":"2026-03-12T17:52:01","modified_gmt":"2026-03-12T16:52:01","slug":"corrugated-drum","status":"publish","type":"page","link":"https:\/\/www.gmpreels.com\/en\/steel-reels\/corrugated-drum\/","title":{"rendered":"Corrugated Steel Drum"},"content":{"rendered":"<p>&nbsp;<\/p>\n<p>&nbsp;<\/p>\n","protected":false},"excerpt":{"rendered":"<p>&nbsp; &nbsp;<\/p>\n","protected":false},"author":1,"featured_media":294,"parent":229,"menu_order":20,"comment_status":"open","ping_status":"closed","template":"","meta":{"_acf_changed":false,"inline_featured_image":false,"footnotes":""},"class_list":["post-24","page","type-page","status-publish","has-post-thumbnail","hentry"],"acf":[],"yoast_head":"<!-- This site is optimized with the Yoast SEO plugin v25.9 - https:\/\/yoast.com\/wordpress\/plugins\/seo\/ -->\n<title>Corrugated Steel Drum | GMP Reels<\/title>\n<meta name=\"robots\" content=\"index, follow, max-snippet:-1, max-image-preview:large, max-video-preview:-1\" \/>\n<link rel=\"canonical\" href=\"https:\/\/www.gmpreels.com\/en\/steel-reels\/corrugated-drum\/\" \/>\n<meta property=\"og:locale\" content=\"en_US\" \/>\n<meta property=\"og:type\" content=\"article\" \/>\n<meta property=\"og:title\" content=\"Corrugated Steel Drum | GMP Reels\" \/>\n<meta property=\"og:description\" content=\"&nbsp; &nbsp;\" \/>\n<meta property=\"og:url\" content=\"https:\/\/www.gmpreels.com\/en\/steel-reels\/corrugated-drum\/\" \/>\n<meta property=\"og:site_name\" content=\"GMP Reels\" \/>\n<meta property=\"article:modified_time\" content=\"2026-03-12T16:52:01+00:00\" \/>\n<meta property=\"og:image\" content=\"https:\/\/www.gmpreels.com\/wp-content\/uploads\/2013\/07\/CD-immagine-principale.png\" \/>\n\t<meta property=\"og:image:width\" content=\"357\" \/>\n\t<meta property=\"og:image:height\" content=\"350\" \/>\n\t<meta property=\"og:image:type\" content=\"image\/png\" \/>\n<meta name=\"twitter:card\" content=\"summary_large_image\" \/>\n<script type=\"application\/ld+json\" class=\"yoast-schema-graph\">{\"@context\":\"https:\/\/schema.org\",\"@graph\":[{\"@type\":\"WebPage\",\"@id\":\"https:\/\/www.gmpreels.com\/en\/steel-reels\/corrugated-drum\/\",\"url\":\"https:\/\/www.gmpreels.com\/en\/steel-reels\/corrugated-drum\/\",\"name\":\"Corrugated Steel Drum | GMP Reels\",\"isPartOf\":{\"@id\":\"https:\/\/www.gmpreels.com\/en\/#website\"},\"primaryImageOfPage\":{\"@id\":\"https:\/\/www.gmpreels.com\/en\/steel-reels\/corrugated-drum\/#primaryimage\"},\"image\":{\"@id\":\"https:\/\/www.gmpreels.com\/en\/steel-reels\/corrugated-drum\/#primaryimage\"},\"thumbnailUrl\":\"https:\/\/www.gmpreels.com\/wp-content\/uploads\/2013\/07\/CD-immagine-principale.png\",\"datePublished\":\"2013-07-17T13:37:44+00:00\",\"dateModified\":\"2026-03-12T16:52:01+00:00\",\"breadcrumb\":{\"@id\":\"https:\/\/www.gmpreels.com\/en\/steel-reels\/corrugated-drum\/#breadcrumb\"},\"inLanguage\":\"en-US\",\"potentialAction\":[{\"@type\":\"ReadAction\",\"target\":[\"https:\/\/www.gmpreels.com\/en\/steel-reels\/corrugated-drum\/\"]}]},{\"@type\":\"ImageObject\",\"inLanguage\":\"en-US\",\"@id\":\"https:\/\/www.gmpreels.com\/en\/steel-reels\/corrugated-drum\/#primaryimage\",\"url\":\"https:\/\/www.gmpreels.com\/wp-content\/uploads\/2013\/07\/CD-immagine-principale.png\",\"contentUrl\":\"https:\/\/www.gmpreels.com\/wp-content\/uploads\/2013\/07\/CD-immagine-principale.png\",\"width\":357,\"height\":350},{\"@type\":\"BreadcrumbList\",\"@id\":\"https:\/\/www.gmpreels.com\/en\/steel-reels\/corrugated-drum\/#breadcrumb\",\"itemListElement\":[{\"@type\":\"ListItem\",\"position\":1,\"name\":\"Home\",\"item\":\"https:\/\/www.gmpreels.com\/en\/\"},{\"@type\":\"ListItem\",\"position\":2,\"name\":\"Steel Cable Reels\",\"item\":\"https:\/\/www.gmpreels.com\/en\/steel-reels\/\"},{\"@type\":\"ListItem\",\"position\":3,\"name\":\"Corrugated Steel Drum\"}]},{\"@type\":\"WebSite\",\"@id\":\"https:\/\/www.gmpreels.com\/en\/#website\",\"url\":\"https:\/\/www.gmpreels.com\/en\/\",\"name\":\"GMP Reels\",\"description\":\"\",\"publisher\":{\"@id\":\"https:\/\/www.gmpreels.com\/en\/#organization\"},\"potentialAction\":[{\"@type\":\"SearchAction\",\"target\":{\"@type\":\"EntryPoint\",\"urlTemplate\":\"https:\/\/www.gmpreels.com\/en\/?s={search_term_string}\"},\"query-input\":{\"@type\":\"PropertyValueSpecification\",\"valueRequired\":true,\"valueName\":\"search_term_string\"}}],\"inLanguage\":\"en-US\"},{\"@type\":\"Organization\",\"@id\":\"https:\/\/www.gmpreels.com\/en\/#organization\",\"name\":\"GMP Reels\",\"url\":\"https:\/\/www.gmpreels.com\/en\/\",\"logo\":{\"@type\":\"ImageObject\",\"inLanguage\":\"en-US\",\"@id\":\"https:\/\/www.gmpreels.com\/en\/#\/schema\/logo\/image\/\",\"url\":\"https:\/\/www.gmpreels.com\/wp-content\/uploads\/2021\/03\/Logo-GMP-Slovakia.png\",\"contentUrl\":\"https:\/\/www.gmpreels.com\/wp-content\/uploads\/2021\/03\/Logo-GMP-Slovakia.png\",\"width\":352,\"height\":401,\"caption\":\"GMP Reels\"},\"image\":\"https:\/\/gmpreels.com\/wp-content\/uploads\/2021\/04\/SEDE-GMP-2-300x159.png\",\"brand\":\"GMP Reels\",\"email\":\"sales@gmp-slovakia.com\",\"telephone\":\"+421 30 995 33 51\",\"subOrganization\":[{\"@type\":\"Organization\",\"name\":\"GMP Slovakia s.r.o.\",\"description\":\"Headquarter & Slovakian manufacturing plant\",\"address\":{\"@type\":\"PostalAddress\",\"streetAddress\":\"UL Stani\u010dn\u00e1 \u010d. 109\",\"postalCode\":\"07651\",\"addressLocality\":\"Pribenik\",\"addressCountry\":\"Slovakia\"}},{\"@type\":\"Organization\",\"name\":\"GMP Reels India Private Ltd\",\"description\":\"Indian manufacturing plant\",\"address\":{\"@type\":\"PostalAddress\",\"streetAddress\":\"Sancheti Warehousing Complex, Gat. No. 217 Ambe Hill, Opposite Apollo Tyres Jaulke, Taluka Dindori\",\"addressLocality\":\"Nashik\",\"addressRegion\":\"Maharashtra\",\"postalCode\":\"422207\",\"addressCountry\":\"India\"}},{\"@type\":\"Organization\",\"name\":\"GMP Reels - Sede Italia\",\"description\":\"Italian headquarter\",\"address\":{\"@type\":\"PostalAddress\",\"streetAddress\":\"Via Garibaldi, 2\",\"postalCode\":\"25010\",\"addressLocality\":\"Remedello (BS)\",\"addressCountry\":\"Italy\"}}]}]}<\/script>\n<!-- \/ Yoast SEO plugin. -->","yoast_head_json":{"title":"Corrugated Steel Drum | GMP Reels","robots":{"index":"index","follow":"follow","max-snippet":"max-snippet:-1","max-image-preview":"max-image-preview:large","max-video-preview":"max-video-preview:-1"},"canonical":"https:\/\/www.gmpreels.com\/en\/steel-reels\/corrugated-drum\/","og_locale":"en_US","og_type":"article","og_title":"Corrugated Steel Drum | GMP Reels","og_description":"&nbsp; &nbsp;","og_url":"https:\/\/www.gmpreels.com\/en\/steel-reels\/corrugated-drum\/","og_site_name":"GMP Reels","article_modified_time":"2026-03-12T16:52:01+00:00","og_image":[{"width":357,"height":350,"url":"https:\/\/www.gmpreels.com\/wp-content\/uploads\/2013\/07\/CD-immagine-principale.png","type":"image\/png"}],"twitter_card":"summary_large_image","schema":{"@context":"https:\/\/schema.org","@graph":[{"@type":"WebPage","@id":"https:\/\/www.gmpreels.com\/en\/steel-reels\/corrugated-drum\/","url":"https:\/\/www.gmpreels.com\/en\/steel-reels\/corrugated-drum\/","name":"Corrugated Steel Drum | GMP Reels","isPartOf":{"@id":"https:\/\/www.gmpreels.com\/en\/#website"},"primaryImageOfPage":{"@id":"https:\/\/www.gmpreels.com\/en\/steel-reels\/corrugated-drum\/#primaryimage"},"image":{"@id":"https:\/\/www.gmpreels.com\/en\/steel-reels\/corrugated-drum\/#primaryimage"},"thumbnailUrl":"https:\/\/www.gmpreels.com\/wp-content\/uploads\/2013\/07\/CD-immagine-principale.png","datePublished":"2013-07-17T13:37:44+00:00","dateModified":"2026-03-12T16:52:01+00:00","breadcrumb":{"@id":"https:\/\/www.gmpreels.com\/en\/steel-reels\/corrugated-drum\/#breadcrumb"},"inLanguage":"en-US","potentialAction":[{"@type":"ReadAction","target":["https:\/\/www.gmpreels.com\/en\/steel-reels\/corrugated-drum\/"]}]},{"@type":"ImageObject","inLanguage":"en-US","@id":"https:\/\/www.gmpreels.com\/en\/steel-reels\/corrugated-drum\/#primaryimage","url":"https:\/\/www.gmpreels.com\/wp-content\/uploads\/2013\/07\/CD-immagine-principale.png","contentUrl":"https:\/\/www.gmpreels.com\/wp-content\/uploads\/2013\/07\/CD-immagine-principale.png","width":357,"height":350},{"@type":"BreadcrumbList","@id":"https:\/\/www.gmpreels.com\/en\/steel-reels\/corrugated-drum\/#breadcrumb","itemListElement":[{"@type":"ListItem","position":1,"name":"Home","item":"https:\/\/www.gmpreels.com\/en\/"},{"@type":"ListItem","position":2,"name":"Steel Cable Reels","item":"https:\/\/www.gmpreels.com\/en\/steel-reels\/"},{"@type":"ListItem","position":3,"name":"Corrugated Steel Drum"}]},{"@type":"WebSite","@id":"https:\/\/www.gmpreels.com\/en\/#website","url":"https:\/\/www.gmpreels.com\/en\/","name":"GMP Reels","description":"","publisher":{"@id":"https:\/\/www.gmpreels.com\/en\/#organization"},"potentialAction":[{"@type":"SearchAction","target":{"@type":"EntryPoint","urlTemplate":"https:\/\/www.gmpreels.com\/en\/?s={search_term_string}"},"query-input":{"@type":"PropertyValueSpecification","valueRequired":true,"valueName":"search_term_string"}}],"inLanguage":"en-US"},{"@type":"Organization","@id":"https:\/\/www.gmpreels.com\/en\/#organization","name":"GMP Reels","url":"https:\/\/www.gmpreels.com\/en\/","logo":{"@type":"ImageObject","inLanguage":"en-US","@id":"https:\/\/www.gmpreels.com\/en\/#\/schema\/logo\/image\/","url":"https:\/\/www.gmpreels.com\/wp-content\/uploads\/2021\/03\/Logo-GMP-Slovakia.png","contentUrl":"https:\/\/www.gmpreels.com\/wp-content\/uploads\/2021\/03\/Logo-GMP-Slovakia.png","width":352,"height":401,"caption":"GMP Reels"},"image":"https:\/\/gmpreels.com\/wp-content\/uploads\/2021\/04\/SEDE-GMP-2-300x159.png","brand":"GMP Reels","email":"sales@gmp-slovakia.com","telephone":"+421 30 995 33 51","subOrganization":[{"@type":"Organization","name":"GMP Slovakia s.r.o.","description":"Headquarter & Slovakian manufacturing plant","address":{"@type":"PostalAddress","streetAddress":"UL Stani\u010dn\u00e1 \u010d. 109","postalCode":"07651","addressLocality":"Pribenik","addressCountry":"Slovakia"}},{"@type":"Organization","name":"GMP Reels India Private Ltd","description":"Indian manufacturing plant","address":{"@type":"PostalAddress","streetAddress":"Sancheti Warehousing Complex, Gat. No. 217 Ambe Hill, Opposite Apollo Tyres Jaulke, Taluka Dindori","addressLocality":"Nashik","addressRegion":"Maharashtra","postalCode":"422207","addressCountry":"India"}},{"@type":"Organization","name":"GMP Reels - Sede Italia","description":"Italian headquarter","address":{"@type":"PostalAddress","streetAddress":"Via Garibaldi, 2","postalCode":"25010","addressLocality":"Remedello (BS)","addressCountry":"Italy"}}]}]}},"_links":{"self":[{"href":"https:\/\/www.gmpreels.com\/en\/wp-json\/wp\/v2\/pages\/24","targetHints":{"allow":["GET"]}}],"collection":[{"href":"https:\/\/www.gmpreels.com\/en\/wp-json\/wp\/v2\/pages"}],"about":[{"href":"https:\/\/www.gmpreels.com\/en\/wp-json\/wp\/v2\/types\/page"}],"author":[{"embeddable":true,"href":"https:\/\/www.gmpreels.com\/en\/wp-json\/wp\/v2\/users\/1"}],"replies":[{"embeddable":true,"href":"https:\/\/www.gmpreels.com\/en\/wp-json\/wp\/v2\/comments?post=24"}],"version-history":[{"count":13,"href":"https:\/\/www.gmpreels.com\/en\/wp-json\/wp\/v2\/pages\/24\/revisions"}],"predecessor-version":[{"id":3454,"href":"https:\/\/www.gmpreels.com\/en\/wp-json\/wp\/v2\/pages\/24\/revisions\/3454"}],"up":[{"embeddable":true,"href":"https:\/\/www.gmpreels.com\/en\/wp-json\/wp\/v2\/pages\/229"}],"wp:featuredmedia":[{"embeddable":true,"href":"https:\/\/www.gmpreels.com\/en\/wp-json\/wp\/v2\/media\/294"}],"wp:attachment":[{"href":"https:\/\/www.gmpreels.com\/en\/wp-json\/wp\/v2\/media?parent=24"}],"curies":[{"name":"wp","href":"https:\/\/api.w.org\/{rel}","templated":true}]}}