{"id":26,"date":"2013-07-17T14:38:16","date_gmt":"2013-07-17T13:38:16","guid":{"rendered":"https:\/\/www.gmpreels.com\/wp\/?page_id=26"},"modified":"2026-03-12T17:31:20","modified_gmt":"2026-03-12T16:31:20","slug":"conical-reel","status":"publish","type":"page","link":"https:\/\/www.gmpreels.com\/en\/steel-reels\/conical-reel\/","title":{"rendered":"Conical Reel"},"content":{"rendered":"<p>&nbsp;<\/p>\n\n\t\t<style type=\"text\/css\">\n\t\t\t#gallery-1 {\n\t\t\t\tmargin: auto;\n\t\t\t}\n\t\t\t#gallery-1 .gallery-item {\n\t\t\t\tfloat: left;\n\t\t\t\tmargin-top: 10px;\n\t\t\t\ttext-align: center;\n\t\t\t\twidth: 33%;\n\t\t\t}\n\t\t\t#gallery-1 img {\n\t\t\t\tborder: 2px solid #cfcfcf;\n\t\t\t}\n\t\t\t#gallery-1 .gallery-caption {\n\t\t\t\tmargin-left: 0;\n\t\t\t}\n\t\t\t\/* see gallery_shortcode() in wp-includes\/media.php *\/\n\t\t<\/style>\n\t\t<div id='gallery-1' class='gallery galleryid-26 gallery-columns-3 gallery-size-thumbnail'><dl class='gallery-item'>\n\t\t\t<dt class='gallery-icon landscape'>\n\t\t\t\t<a href='https:\/\/www.gmpreels.com\/en\/conical-barrel-flange-ribbed\/'><img decoding=\"async\" width=\"150\" height=\"93\" src=\"https:\/\/www.gmpreels.com\/wp-content\/uploads\/2013\/07\/conical-reel-barrel-flange-ribbed-275x170.jpg\" class=\"attachment-thumbnail size-thumbnail\" alt=\"Conical reel barrel flange ribbed\" \/><\/a>\n\t\t\t<\/dt><\/dl><dl class='gallery-item'>\n\t\t\t<dt class='gallery-icon landscape'>\n\t\t\t\t<a href='https:\/\/www.gmpreels.com\/en\/olympus-digital-camera-24\/'><img decoding=\"async\" width=\"150\" height=\"93\" src=\"https:\/\/www.gmpreels.com\/wp-content\/uploads\/2013\/07\/conical-green-barrel-275x170.jpg\" class=\"attachment-thumbnail size-thumbnail\" alt=\"Conical green barrel\" \/><\/a>\n\t\t\t<\/dt><\/dl><dl class='gallery-item'>\n\t\t\t<dt class='gallery-icon landscape'>\n\t\t\t\t<a href='https:\/\/www.gmpreels.com\/en\/kr800\/'><img decoding=\"async\" width=\"150\" height=\"93\" src=\"https:\/\/www.gmpreels.com\/wp-content\/uploads\/2013\/07\/conical-reel-800-mm-flange-275x170.jpg\" class=\"attachment-thumbnail size-thumbnail\" alt=\"Conical reel 800 mm flange\" \/><\/a>\n\t\t\t<\/dt><\/dl><br style=\"clear: both\" \/><dl class='gallery-item'>\n\t\t\t<dt class='gallery-icon landscape'>\n\t\t\t\t<a href='https:\/\/www.gmpreels.com\/en\/special-design-2-2\/'><img decoding=\"async\" width=\"150\" height=\"93\" src=\"https:\/\/www.gmpreels.com\/wp-content\/uploads\/2013\/07\/conical-reel-special-design-275x170.jpg\" class=\"attachment-thumbnail size-thumbnail\" alt=\"Conical reel special design\" \/><\/a>\n\t\t\t<\/dt><\/dl><dl class='gallery-item'>\n\t\t\t<dt class='gallery-icon landscape'>\n\t\t\t\t<a href='https:\/\/www.gmpreels.com\/en\/standing-plate-painted\/'><img decoding=\"async\" width=\"150\" height=\"93\" src=\"https:\/\/www.gmpreels.com\/wp-content\/uploads\/2013\/07\/conical-steel-reel-standing-plate-yellow-painted-275x170.jpg\" class=\"attachment-thumbnail size-thumbnail\" alt=\"Conical steel reel standing plate yellow painted\" \/><\/a>\n\t\t\t<\/dt><\/dl><dl class='gallery-item'>\n\t\t\t<dt class='gallery-icon landscape'>\n\t\t\t\t<a href='https:\/\/www.gmpreels.com\/en\/olympus-digital-camera-26\/'><img decoding=\"async\" width=\"150\" height=\"93\" src=\"https:\/\/www.gmpreels.com\/wp-content\/uploads\/2013\/07\/conical-steel-reels-stock-275x170.jpg\" class=\"attachment-thumbnail size-thumbnail\" alt=\"Conical steel reels stock\" \/><\/a>\n\t\t\t<\/dt><\/dl><br style=\"clear: both\" \/>\n\t\t<\/div>\n\n","protected":false},"excerpt":{"rendered":"<p>&nbsp;<\/p>\n","protected":false},"author":1,"featured_media":310,"parent":229,"menu_order":23,"comment_status":"open","ping_status":"closed","template":"","meta":{"_acf_changed":false,"inline_featured_image":false,"footnotes":""},"class_list":["post-26","page","type-page","status-publish","has-post-thumbnail","hentry"],"acf":[],"yoast_head":"<!-- This site is optimized with the Yoast SEO plugin v27.5 - https:\/\/yoast.com\/product\/yoast-seo-wordpress\/ -->\n<title>Conical Steel Reels - GMP Reels<\/title>\n<meta name=\"robots\" content=\"index, follow, max-snippet:-1, max-image-preview:large, max-video-preview:-1\" \/>\n<link rel=\"canonical\" href=\"https:\/\/www.gmpreels.com\/en\/steel-reels\/conical-reel\/\" \/>\n<meta property=\"og:locale\" content=\"en_US\" \/>\n<meta property=\"og:type\" content=\"article\" \/>\n<meta property=\"og:title\" content=\"Conical Steel Reels - GMP Reels\" \/>\n<meta property=\"og:description\" content=\"&nbsp;\" \/>\n<meta property=\"og:url\" content=\"https:\/\/www.gmpreels.com\/en\/steel-reels\/conical-reel\/\" \/>\n<meta property=\"og:site_name\" content=\"GMP Reels\" \/>\n<meta property=\"article:modified_time\" content=\"2026-03-12T16:31:20+00:00\" \/>\n<meta property=\"og:image\" content=\"https:\/\/www.gmpreels.com\/wp-content\/uploads\/2013\/07\/KR-immagine-principale.png\" \/>\n\t<meta property=\"og:image:width\" content=\"362\" \/>\n\t<meta property=\"og:image:height\" content=\"350\" \/>\n\t<meta property=\"og:image:type\" content=\"image\/png\" \/>\n<meta name=\"twitter:card\" content=\"summary_large_image\" \/>\n<meta name=\"twitter:label1\" content=\"Est. reading time\" \/>\n\t<meta name=\"twitter:data1\" content=\"1 minute\" \/>\n<script type=\"application\/ld+json\" class=\"yoast-schema-graph\">{\"@context\":\"https:\\\/\\\/schema.org\",\"@graph\":[{\"@type\":\"WebPage\",\"@id\":\"https:\\\/\\\/www.gmpreels.com\\\/en\\\/steel-reels\\\/conical-reel\\\/\",\"url\":\"https:\\\/\\\/www.gmpreels.com\\\/en\\\/steel-reels\\\/conical-reel\\\/\",\"name\":\"Conical Steel Reels - GMP Reels\",\"isPartOf\":{\"@id\":\"https:\\\/\\\/www.gmpreels.com\\\/en\\\/#website\"},\"primaryImageOfPage\":{\"@id\":\"https:\\\/\\\/www.gmpreels.com\\\/en\\\/steel-reels\\\/conical-reel\\\/#primaryimage\"},\"image\":{\"@id\":\"https:\\\/\\\/www.gmpreels.com\\\/en\\\/steel-reels\\\/conical-reel\\\/#primaryimage\"},\"thumbnailUrl\":\"https:\\\/\\\/www.gmpreels.com\\\/wp-content\\\/uploads\\\/2013\\\/07\\\/KR-immagine-principale.png\",\"datePublished\":\"2013-07-17T13:38:16+00:00\",\"dateModified\":\"2026-03-12T16:31:20+00:00\",\"breadcrumb\":{\"@id\":\"https:\\\/\\\/www.gmpreels.com\\\/en\\\/steel-reels\\\/conical-reel\\\/#breadcrumb\"},\"inLanguage\":\"en-US\",\"potentialAction\":[{\"@type\":\"ReadAction\",\"target\":[\"https:\\\/\\\/www.gmpreels.com\\\/en\\\/steel-reels\\\/conical-reel\\\/\"]}]},{\"@type\":\"ImageObject\",\"inLanguage\":\"en-US\",\"@id\":\"https:\\\/\\\/www.gmpreels.com\\\/en\\\/steel-reels\\\/conical-reel\\\/#primaryimage\",\"url\":\"https:\\\/\\\/www.gmpreels.com\\\/wp-content\\\/uploads\\\/2013\\\/07\\\/KR-immagine-principale.png\",\"contentUrl\":\"https:\\\/\\\/www.gmpreels.com\\\/wp-content\\\/uploads\\\/2013\\\/07\\\/KR-immagine-principale.png\",\"width\":362,\"height\":350},{\"@type\":\"BreadcrumbList\",\"@id\":\"https:\\\/\\\/www.gmpreels.com\\\/en\\\/steel-reels\\\/conical-reel\\\/#breadcrumb\",\"itemListElement\":[{\"@type\":\"ListItem\",\"position\":1,\"name\":\"Home\",\"item\":\"https:\\\/\\\/www.gmpreels.com\\\/en\\\/\"},{\"@type\":\"ListItem\",\"position\":2,\"name\":\"Steel Cable Reels\",\"item\":\"https:\\\/\\\/www.gmpreels.com\\\/en\\\/steel-reels\\\/\"},{\"@type\":\"ListItem\",\"position\":3,\"name\":\"Conical Reel\"}]},{\"@type\":\"WebSite\",\"@id\":\"https:\\\/\\\/www.gmpreels.com\\\/en\\\/#website\",\"url\":\"https:\\\/\\\/www.gmpreels.com\\\/en\\\/\",\"name\":\"GMP Reels\",\"description\":\"\",\"publisher\":{\"@id\":\"https:\\\/\\\/www.gmpreels.com\\\/en\\\/#organization\"},\"potentialAction\":[{\"@type\":\"SearchAction\",\"target\":{\"@type\":\"EntryPoint\",\"urlTemplate\":\"https:\\\/\\\/www.gmpreels.com\\\/en\\\/?s={search_term_string}\"},\"query-input\":{\"@type\":\"PropertyValueSpecification\",\"valueRequired\":true,\"valueName\":\"search_term_string\"}}],\"inLanguage\":\"en-US\"},{\"@type\":\"Organization\",\"@id\":\"https:\\\/\\\/www.gmpreels.com\\\/en\\\/#organization\",\"name\":\"GMP Reels\",\"url\":\"https:\\\/\\\/www.gmpreels.com\\\/en\\\/\",\"logo\":{\"@type\":\"ImageObject\",\"inLanguage\":\"en-US\",\"@id\":\"https:\\\/\\\/www.gmpreels.com\\\/en\\\/#\\\/schema\\\/logo\\\/image\\\/\",\"url\":\"https:\\\/\\\/www.gmpreels.com\\\/wp-content\\\/uploads\\\/2021\\\/03\\\/Logo-GMP-Slovakia.png\",\"contentUrl\":\"https:\\\/\\\/www.gmpreels.com\\\/wp-content\\\/uploads\\\/2021\\\/03\\\/Logo-GMP-Slovakia.png\",\"width\":352,\"height\":401,\"caption\":\"GMP Reels\"},\"image\":\"https:\\\/\\\/gmpreels.com\\\/wp-content\\\/uploads\\\/2021\\\/04\\\/SEDE-GMP-2-300x159.png\",\"brand\":\"GMP Reels\",\"email\":\"sales@gmp-slovakia.com\",\"telephone\":\"+421 30 995 33 51\",\"subOrganization\":[{\"@type\":\"Organization\",\"name\":\"GMP Slovakia s.r.o.\",\"description\":\"Headquarter & Slovakian manufacturing plant\",\"address\":{\"@type\":\"PostalAddress\",\"streetAddress\":\"UL Stani\u010dn\u00e1 \u010d. 109\",\"postalCode\":\"07651\",\"addressLocality\":\"Pribenik\",\"addressCountry\":\"Slovakia\"}},{\"@type\":\"Organization\",\"name\":\"GMP Reels India Private Ltd\",\"description\":\"Indian manufacturing plant\",\"address\":{\"@type\":\"PostalAddress\",\"streetAddress\":\"Sancheti Warehousing Complex, Gat. No. 217 Ambe Hill, Opposite Apollo Tyres Jaulke, Taluka Dindori\",\"addressLocality\":\"Nashik\",\"addressRegion\":\"Maharashtra\",\"postalCode\":\"422207\",\"addressCountry\":\"India\"}},{\"@type\":\"Organization\",\"name\":\"GMP Reels - Sede Italia\",\"description\":\"Italian headquarter\",\"address\":{\"@type\":\"PostalAddress\",\"streetAddress\":\"Via Garibaldi, 2\",\"postalCode\":\"25010\",\"addressLocality\":\"Remedello (BS)\",\"addressCountry\":\"Italy\"}}]}]}<\/script>\n<!-- \/ Yoast SEO plugin. -->","yoast_head_json":{"title":"Conical Steel Reels - GMP Reels","robots":{"index":"index","follow":"follow","max-snippet":"max-snippet:-1","max-image-preview":"max-image-preview:large","max-video-preview":"max-video-preview:-1"},"canonical":"https:\/\/www.gmpreels.com\/en\/steel-reels\/conical-reel\/","og_locale":"en_US","og_type":"article","og_title":"Conical Steel Reels - GMP Reels","og_description":"&nbsp;","og_url":"https:\/\/www.gmpreels.com\/en\/steel-reels\/conical-reel\/","og_site_name":"GMP Reels","article_modified_time":"2026-03-12T16:31:20+00:00","og_image":[{"width":362,"height":350,"url":"https:\/\/www.gmpreels.com\/wp-content\/uploads\/2013\/07\/KR-immagine-principale.png","type":"image\/png"}],"twitter_card":"summary_large_image","twitter_misc":{"Est. reading time":"1 minute"},"schema":{"@context":"https:\/\/schema.org","@graph":[{"@type":"WebPage","@id":"https:\/\/www.gmpreels.com\/en\/steel-reels\/conical-reel\/","url":"https:\/\/www.gmpreels.com\/en\/steel-reels\/conical-reel\/","name":"Conical Steel Reels - GMP Reels","isPartOf":{"@id":"https:\/\/www.gmpreels.com\/en\/#website"},"primaryImageOfPage":{"@id":"https:\/\/www.gmpreels.com\/en\/steel-reels\/conical-reel\/#primaryimage"},"image":{"@id":"https:\/\/www.gmpreels.com\/en\/steel-reels\/conical-reel\/#primaryimage"},"thumbnailUrl":"https:\/\/www.gmpreels.com\/wp-content\/uploads\/2013\/07\/KR-immagine-principale.png","datePublished":"2013-07-17T13:38:16+00:00","dateModified":"2026-03-12T16:31:20+00:00","breadcrumb":{"@id":"https:\/\/www.gmpreels.com\/en\/steel-reels\/conical-reel\/#breadcrumb"},"inLanguage":"en-US","potentialAction":[{"@type":"ReadAction","target":["https:\/\/www.gmpreels.com\/en\/steel-reels\/conical-reel\/"]}]},{"@type":"ImageObject","inLanguage":"en-US","@id":"https:\/\/www.gmpreels.com\/en\/steel-reels\/conical-reel\/#primaryimage","url":"https:\/\/www.gmpreels.com\/wp-content\/uploads\/2013\/07\/KR-immagine-principale.png","contentUrl":"https:\/\/www.gmpreels.com\/wp-content\/uploads\/2013\/07\/KR-immagine-principale.png","width":362,"height":350},{"@type":"BreadcrumbList","@id":"https:\/\/www.gmpreels.com\/en\/steel-reels\/conical-reel\/#breadcrumb","itemListElement":[{"@type":"ListItem","position":1,"name":"Home","item":"https:\/\/www.gmpreels.com\/en\/"},{"@type":"ListItem","position":2,"name":"Steel Cable Reels","item":"https:\/\/www.gmpreels.com\/en\/steel-reels\/"},{"@type":"ListItem","position":3,"name":"Conical Reel"}]},{"@type":"WebSite","@id":"https:\/\/www.gmpreels.com\/en\/#website","url":"https:\/\/www.gmpreels.com\/en\/","name":"GMP Reels","description":"","publisher":{"@id":"https:\/\/www.gmpreels.com\/en\/#organization"},"potentialAction":[{"@type":"SearchAction","target":{"@type":"EntryPoint","urlTemplate":"https:\/\/www.gmpreels.com\/en\/?s={search_term_string}"},"query-input":{"@type":"PropertyValueSpecification","valueRequired":true,"valueName":"search_term_string"}}],"inLanguage":"en-US"},{"@type":"Organization","@id":"https:\/\/www.gmpreels.com\/en\/#organization","name":"GMP Reels","url":"https:\/\/www.gmpreels.com\/en\/","logo":{"@type":"ImageObject","inLanguage":"en-US","@id":"https:\/\/www.gmpreels.com\/en\/#\/schema\/logo\/image\/","url":"https:\/\/www.gmpreels.com\/wp-content\/uploads\/2021\/03\/Logo-GMP-Slovakia.png","contentUrl":"https:\/\/www.gmpreels.com\/wp-content\/uploads\/2021\/03\/Logo-GMP-Slovakia.png","width":352,"height":401,"caption":"GMP Reels"},"image":"https:\/\/gmpreels.com\/wp-content\/uploads\/2021\/04\/SEDE-GMP-2-300x159.png","brand":"GMP Reels","email":"sales@gmp-slovakia.com","telephone":"+421 30 995 33 51","subOrganization":[{"@type":"Organization","name":"GMP Slovakia s.r.o.","description":"Headquarter & Slovakian manufacturing plant","address":{"@type":"PostalAddress","streetAddress":"UL Stani\u010dn\u00e1 \u010d. 109","postalCode":"07651","addressLocality":"Pribenik","addressCountry":"Slovakia"}},{"@type":"Organization","name":"GMP Reels India Private Ltd","description":"Indian manufacturing plant","address":{"@type":"PostalAddress","streetAddress":"Sancheti Warehousing Complex, Gat. No. 217 Ambe Hill, Opposite Apollo Tyres Jaulke, Taluka Dindori","addressLocality":"Nashik","addressRegion":"Maharashtra","postalCode":"422207","addressCountry":"India"}},{"@type":"Organization","name":"GMP Reels - Sede Italia","description":"Italian headquarter","address":{"@type":"PostalAddress","streetAddress":"Via Garibaldi, 2","postalCode":"25010","addressLocality":"Remedello (BS)","addressCountry":"Italy"}}]}]}},"_links":{"self":[{"href":"https:\/\/www.gmpreels.com\/en\/wp-json\/wp\/v2\/pages\/26","targetHints":{"allow":["GET"]}}],"collection":[{"href":"https:\/\/www.gmpreels.com\/en\/wp-json\/wp\/v2\/pages"}],"about":[{"href":"https:\/\/www.gmpreels.com\/en\/wp-json\/wp\/v2\/types\/page"}],"author":[{"embeddable":true,"href":"https:\/\/www.gmpreels.com\/en\/wp-json\/wp\/v2\/users\/1"}],"replies":[{"embeddable":true,"href":"https:\/\/www.gmpreels.com\/en\/wp-json\/wp\/v2\/comments?post=26"}],"version-history":[{"count":11,"href":"https:\/\/www.gmpreels.com\/en\/wp-json\/wp\/v2\/pages\/26\/revisions"}],"predecessor-version":[{"id":3422,"href":"https:\/\/www.gmpreels.com\/en\/wp-json\/wp\/v2\/pages\/26\/revisions\/3422"}],"up":[{"embeddable":true,"href":"https:\/\/www.gmpreels.com\/en\/wp-json\/wp\/v2\/pages\/229"}],"wp:featuredmedia":[{"embeddable":true,"href":"https:\/\/www.gmpreels.com\/en\/wp-json\/wp\/v2\/media\/310"}],"wp:attachment":[{"href":"https:\/\/www.gmpreels.com\/en\/wp-json\/wp\/v2\/media?parent=26"}],"curies":[{"name":"wp","href":"https:\/\/api.w.org\/{rel}","templated":true}]}}