{"id":57,"date":"2013-07-17T14:43:47","date_gmt":"2013-07-17T12:43:47","guid":{"rendered":"https:\/\/www.gmpreels.com\/wp\/?page_id=57"},"modified":"2024-08-12T09:25:13","modified_gmt":"2024-08-12T08:25:13","slug":"special-products","status":"publish","type":"page","link":"https:\/\/www.gmpreels.com\/en\/reel-handling-equipment\/special-products\/","title":{"rendered":"Special Products"},"content":{"rendered":"<p>&nbsp;<\/p>\n\n\t\t<style type=\"text\/css\">\n\t\t\t#gallery-1 {\n\t\t\t\tmargin: auto;\n\t\t\t}\n\t\t\t#gallery-1 .gallery-item {\n\t\t\t\tfloat: left;\n\t\t\t\tmargin-top: 10px;\n\t\t\t\ttext-align: center;\n\t\t\t\twidth: 33%;\n\t\t\t}\n\t\t\t#gallery-1 img {\n\t\t\t\tborder: 2px solid #cfcfcf;\n\t\t\t}\n\t\t\t#gallery-1 .gallery-caption {\n\t\t\t\tmargin-left: 0;\n\t\t\t}\n\t\t\t\/* see gallery_shortcode() in wp-includes\/media.php *\/\n\t\t<\/style>\n\t\t<div id='gallery-1' class='gallery galleryid-57 gallery-columns-3 gallery-size-thumbnail'><dl class='gallery-item'>\n\t\t\t<dt class='gallery-icon landscape'>\n\t\t\t\t<a href='https:\/\/www.gmpreels.com\/en\/dolly-base\/'><img decoding=\"async\" width=\"150\" height=\"93\" src=\"https:\/\/www.gmpreels.com\/wp-content\/uploads\/2013\/07\/Dolly-base-275x170.jpg\" class=\"attachment-thumbnail size-thumbnail\" alt=\"\" \/><\/a>\n\t\t\t<\/dt><\/dl><dl class='gallery-item'>\n\t\t\t<dt class='gallery-icon landscape'>\n\t\t\t\t<a href='https:\/\/www.gmpreels.com\/en\/skid-roll\/'><img decoding=\"async\" width=\"150\" height=\"93\" src=\"https:\/\/www.gmpreels.com\/wp-content\/uploads\/2013\/07\/Skid-roll-275x170.jpg\" class=\"attachment-thumbnail size-thumbnail\" alt=\"\" \/><\/a>\n\t\t\t<\/dt><\/dl><dl class='gallery-item'>\n\t\t\t<dt class='gallery-icon landscape'>\n\t\t\t\t<a href='https:\/\/www.gmpreels.com\/en\/rolling-system\/'><img decoding=\"async\" width=\"150\" height=\"93\" src=\"https:\/\/www.gmpreels.com\/wp-content\/uploads\/2013\/07\/Rolling-system-275x170.jpg\" class=\"attachment-thumbnail size-thumbnail\" alt=\"\" \/><\/a>\n\t\t\t<\/dt><\/dl><br style=\"clear: both\" \/><dl class='gallery-item'>\n\t\t\t<dt class='gallery-icon landscape'>\n\t\t\t\t<a href='https:\/\/www.gmpreels.com\/en\/pay-off-customized\/'><img decoding=\"async\" width=\"150\" height=\"93\" src=\"https:\/\/www.gmpreels.com\/wp-content\/uploads\/2013\/07\/Pay-off-customized-275x170.jpg\" class=\"attachment-thumbnail size-thumbnail\" alt=\"\" \/><\/a>\n\t\t\t<\/dt><\/dl><dl class='gallery-item'>\n\t\t\t<dt class='gallery-icon landscape'>\n\t\t\t\t<a href='https:\/\/www.gmpreels.com\/en\/pay-off-two-reels\/'><img decoding=\"async\" width=\"150\" height=\"93\" src=\"https:\/\/www.gmpreels.com\/wp-content\/uploads\/2013\/07\/Pay-off-two-reels-275x170.jpg\" class=\"attachment-thumbnail size-thumbnail\" alt=\"\" \/><\/a>\n\t\t\t<\/dt><\/dl><dl class='gallery-item'>\n\t\t\t<dt class='gallery-icon landscape'>\n\t\t\t\t<a href='https:\/\/www.gmpreels.com\/en\/pay-off-multi-reel\/'><img decoding=\"async\" width=\"150\" height=\"93\" src=\"https:\/\/www.gmpreels.com\/wp-content\/uploads\/2013\/07\/Pay-off-multi-reel-275x170.jpg\" class=\"attachment-thumbnail size-thumbnail\" alt=\"\" \/><\/a>\n\t\t\t<\/dt><\/dl><br style=\"clear: both\" \/><dl class='gallery-item'>\n\t\t\t<dt class='gallery-icon landscape'>\n\t\t\t\t<a href='https:\/\/www.gmpreels.com\/en\/dsc07701\/'><img decoding=\"async\" width=\"150\" height=\"93\" src=\"https:\/\/www.gmpreels.com\/wp-content\/uploads\/2013\/07\/DSC07701-275x170.jpg\" class=\"attachment-thumbnail size-thumbnail\" alt=\"\" \/><\/a>\n\t\t\t<\/dt><\/dl>\n\t\t\t<br style='clear: both' \/>\n\t\t<\/div>\n\n","protected":false},"excerpt":{"rendered":"<p>&nbsp;<\/p>\n","protected":false},"author":1,"featured_media":410,"parent":8,"menu_order":60,"comment_status":"open","ping_status":"closed","template":"","meta":{"_acf_changed":false,"inline_featured_image":false,"footnotes":""},"class_list":["post-57","page","type-page","status-publish","has-post-thumbnail","hentry"],"acf":[],"yoast_head":"<!-- This site is optimized with the Yoast SEO plugin v27.5 - https:\/\/yoast.com\/product\/yoast-seo-wordpress\/ -->\n<title>Basket, Pallet &amp; Special Products | GMP Reels<\/title>\n<meta name=\"description\" content=\"GMP Reels also manufacture basket, pallet and special products according to customer\u2019s requirements.\" \/>\n<meta name=\"robots\" content=\"index, follow, max-snippet:-1, max-image-preview:large, max-video-preview:-1\" \/>\n<link rel=\"canonical\" href=\"https:\/\/www.gmpreels.com\/en\/reel-handling-equipment\/special-products\/\" \/>\n<meta property=\"og:locale\" content=\"en_US\" \/>\n<meta property=\"og:type\" content=\"article\" \/>\n<meta property=\"og:title\" content=\"Basket, Pallet &amp; Special Products | GMP Reels\" \/>\n<meta property=\"og:description\" content=\"GMP Reels also manufacture basket, pallet and special products according to customer\u2019s requirements.\" \/>\n<meta property=\"og:url\" content=\"https:\/\/www.gmpreels.com\/en\/reel-handling-equipment\/special-products\/\" \/>\n<meta property=\"og:site_name\" content=\"GMP Reels\" \/>\n<meta property=\"article:modified_time\" content=\"2024-08-12T08:25:13+00:00\" \/>\n<meta property=\"og:image\" content=\"https:\/\/www.gmpreels.com\/wp-content\/uploads\/2013\/07\/SP-immagine-principale.png\" \/>\n\t<meta property=\"og:image:width\" content=\"372\" \/>\n\t<meta property=\"og:image:height\" content=\"350\" \/>\n\t<meta property=\"og:image:type\" content=\"image\/png\" \/>\n<meta name=\"twitter:card\" content=\"summary_large_image\" \/>\n<meta name=\"twitter:label1\" content=\"Est. reading time\" \/>\n\t<meta name=\"twitter:data1\" content=\"1 minute\" \/>\n<script type=\"application\/ld+json\" class=\"yoast-schema-graph\">{\"@context\":\"https:\\\/\\\/schema.org\",\"@graph\":[{\"@type\":\"WebPage\",\"@id\":\"https:\\\/\\\/www.gmpreels.com\\\/en\\\/reel-handling-equipment\\\/special-products\\\/\",\"url\":\"https:\\\/\\\/www.gmpreels.com\\\/en\\\/reel-handling-equipment\\\/special-products\\\/\",\"name\":\"Basket, Pallet & Special Products | GMP Reels\",\"isPartOf\":{\"@id\":\"https:\\\/\\\/www.gmpreels.com\\\/en\\\/#website\"},\"primaryImageOfPage\":{\"@id\":\"https:\\\/\\\/www.gmpreels.com\\\/en\\\/reel-handling-equipment\\\/special-products\\\/#primaryimage\"},\"image\":{\"@id\":\"https:\\\/\\\/www.gmpreels.com\\\/en\\\/reel-handling-equipment\\\/special-products\\\/#primaryimage\"},\"thumbnailUrl\":\"https:\\\/\\\/www.gmpreels.com\\\/wp-content\\\/uploads\\\/2013\\\/07\\\/SP-immagine-principale.png\",\"datePublished\":\"2013-07-17T12:43:47+00:00\",\"dateModified\":\"2024-08-12T08:25:13+00:00\",\"description\":\"GMP Reels also manufacture basket, pallet and special products according to customer\u2019s requirements.\",\"breadcrumb\":{\"@id\":\"https:\\\/\\\/www.gmpreels.com\\\/en\\\/reel-handling-equipment\\\/special-products\\\/#breadcrumb\"},\"inLanguage\":\"en-US\",\"potentialAction\":[{\"@type\":\"ReadAction\",\"target\":[\"https:\\\/\\\/www.gmpreels.com\\\/en\\\/reel-handling-equipment\\\/special-products\\\/\"]}]},{\"@type\":\"ImageObject\",\"inLanguage\":\"en-US\",\"@id\":\"https:\\\/\\\/www.gmpreels.com\\\/en\\\/reel-handling-equipment\\\/special-products\\\/#primaryimage\",\"url\":\"https:\\\/\\\/www.gmpreels.com\\\/wp-content\\\/uploads\\\/2013\\\/07\\\/SP-immagine-principale.png\",\"contentUrl\":\"https:\\\/\\\/www.gmpreels.com\\\/wp-content\\\/uploads\\\/2013\\\/07\\\/SP-immagine-principale.png\",\"width\":372,\"height\":350},{\"@type\":\"BreadcrumbList\",\"@id\":\"https:\\\/\\\/www.gmpreels.com\\\/en\\\/reel-handling-equipment\\\/special-products\\\/#breadcrumb\",\"itemListElement\":[{\"@type\":\"ListItem\",\"position\":1,\"name\":\"Home\",\"item\":\"https:\\\/\\\/www.gmpreels.com\\\/en\\\/\"},{\"@type\":\"ListItem\",\"position\":2,\"name\":\"Reel Handling Equipment\",\"item\":\"https:\\\/\\\/www.gmpreels.com\\\/en\\\/reel-handling-equipment\\\/\"},{\"@type\":\"ListItem\",\"position\":3,\"name\":\"Special Products\"}]},{\"@type\":\"WebSite\",\"@id\":\"https:\\\/\\\/www.gmpreels.com\\\/en\\\/#website\",\"url\":\"https:\\\/\\\/www.gmpreels.com\\\/en\\\/\",\"name\":\"GMP Reels\",\"description\":\"\",\"publisher\":{\"@id\":\"https:\\\/\\\/www.gmpreels.com\\\/en\\\/#organization\"},\"potentialAction\":[{\"@type\":\"SearchAction\",\"target\":{\"@type\":\"EntryPoint\",\"urlTemplate\":\"https:\\\/\\\/www.gmpreels.com\\\/en\\\/?s={search_term_string}\"},\"query-input\":{\"@type\":\"PropertyValueSpecification\",\"valueRequired\":true,\"valueName\":\"search_term_string\"}}],\"inLanguage\":\"en-US\"},{\"@type\":\"Organization\",\"@id\":\"https:\\\/\\\/www.gmpreels.com\\\/en\\\/#organization\",\"name\":\"GMP Reels\",\"url\":\"https:\\\/\\\/www.gmpreels.com\\\/en\\\/\",\"logo\":{\"@type\":\"ImageObject\",\"inLanguage\":\"en-US\",\"@id\":\"https:\\\/\\\/www.gmpreels.com\\\/en\\\/#\\\/schema\\\/logo\\\/image\\\/\",\"url\":\"https:\\\/\\\/www.gmpreels.com\\\/wp-content\\\/uploads\\\/2021\\\/03\\\/Logo-GMP-Slovakia.png\",\"contentUrl\":\"https:\\\/\\\/www.gmpreels.com\\\/wp-content\\\/uploads\\\/2021\\\/03\\\/Logo-GMP-Slovakia.png\",\"width\":352,\"height\":401,\"caption\":\"GMP Reels\"},\"image\":\"https:\\\/\\\/gmpreels.com\\\/wp-content\\\/uploads\\\/2021\\\/04\\\/SEDE-GMP-2-300x159.png\",\"brand\":\"GMP Reels\",\"email\":\"sales@gmp-slovakia.com\",\"telephone\":\"+421 30 995 33 51\",\"subOrganization\":[{\"@type\":\"Organization\",\"name\":\"GMP Slovakia s.r.o.\",\"description\":\"Headquarter & Slovakian manufacturing plant\",\"address\":{\"@type\":\"PostalAddress\",\"streetAddress\":\"UL Stani\u010dn\u00e1 \u010d. 109\",\"postalCode\":\"07651\",\"addressLocality\":\"Pribenik\",\"addressCountry\":\"Slovakia\"}},{\"@type\":\"Organization\",\"name\":\"GMP Reels India Private Ltd\",\"description\":\"Indian manufacturing plant\",\"address\":{\"@type\":\"PostalAddress\",\"streetAddress\":\"Sancheti Warehousing Complex, Gat. No. 217 Ambe Hill, Opposite Apollo Tyres Jaulke, Taluka Dindori\",\"addressLocality\":\"Nashik\",\"addressRegion\":\"Maharashtra\",\"postalCode\":\"422207\",\"addressCountry\":\"India\"}},{\"@type\":\"Organization\",\"name\":\"GMP Reels - Sede Italia\",\"description\":\"Italian headquarter\",\"address\":{\"@type\":\"PostalAddress\",\"streetAddress\":\"Via Garibaldi, 2\",\"postalCode\":\"25010\",\"addressLocality\":\"Remedello (BS)\",\"addressCountry\":\"Italy\"}}]}]}<\/script>\n<!-- \/ Yoast SEO plugin. -->","yoast_head_json":{"title":"Basket, Pallet & Special Products | GMP Reels","description":"GMP Reels also manufacture basket, pallet and special products according to customer\u2019s requirements.","robots":{"index":"index","follow":"follow","max-snippet":"max-snippet:-1","max-image-preview":"max-image-preview:large","max-video-preview":"max-video-preview:-1"},"canonical":"https:\/\/www.gmpreels.com\/en\/reel-handling-equipment\/special-products\/","og_locale":"en_US","og_type":"article","og_title":"Basket, Pallet & Special Products | GMP Reels","og_description":"GMP Reels also manufacture basket, pallet and special products according to customer\u2019s requirements.","og_url":"https:\/\/www.gmpreels.com\/en\/reel-handling-equipment\/special-products\/","og_site_name":"GMP Reels","article_modified_time":"2024-08-12T08:25:13+00:00","og_image":[{"width":372,"height":350,"url":"https:\/\/www.gmpreels.com\/wp-content\/uploads\/2013\/07\/SP-immagine-principale.png","type":"image\/png"}],"twitter_card":"summary_large_image","twitter_misc":{"Est. reading time":"1 minute"},"schema":{"@context":"https:\/\/schema.org","@graph":[{"@type":"WebPage","@id":"https:\/\/www.gmpreels.com\/en\/reel-handling-equipment\/special-products\/","url":"https:\/\/www.gmpreels.com\/en\/reel-handling-equipment\/special-products\/","name":"Basket, Pallet & Special Products | GMP Reels","isPartOf":{"@id":"https:\/\/www.gmpreels.com\/en\/#website"},"primaryImageOfPage":{"@id":"https:\/\/www.gmpreels.com\/en\/reel-handling-equipment\/special-products\/#primaryimage"},"image":{"@id":"https:\/\/www.gmpreels.com\/en\/reel-handling-equipment\/special-products\/#primaryimage"},"thumbnailUrl":"https:\/\/www.gmpreels.com\/wp-content\/uploads\/2013\/07\/SP-immagine-principale.png","datePublished":"2013-07-17T12:43:47+00:00","dateModified":"2024-08-12T08:25:13+00:00","description":"GMP Reels also manufacture basket, pallet and special products according to customer\u2019s requirements.","breadcrumb":{"@id":"https:\/\/www.gmpreels.com\/en\/reel-handling-equipment\/special-products\/#breadcrumb"},"inLanguage":"en-US","potentialAction":[{"@type":"ReadAction","target":["https:\/\/www.gmpreels.com\/en\/reel-handling-equipment\/special-products\/"]}]},{"@type":"ImageObject","inLanguage":"en-US","@id":"https:\/\/www.gmpreels.com\/en\/reel-handling-equipment\/special-products\/#primaryimage","url":"https:\/\/www.gmpreels.com\/wp-content\/uploads\/2013\/07\/SP-immagine-principale.png","contentUrl":"https:\/\/www.gmpreels.com\/wp-content\/uploads\/2013\/07\/SP-immagine-principale.png","width":372,"height":350},{"@type":"BreadcrumbList","@id":"https:\/\/www.gmpreels.com\/en\/reel-handling-equipment\/special-products\/#breadcrumb","itemListElement":[{"@type":"ListItem","position":1,"name":"Home","item":"https:\/\/www.gmpreels.com\/en\/"},{"@type":"ListItem","position":2,"name":"Reel Handling Equipment","item":"https:\/\/www.gmpreels.com\/en\/reel-handling-equipment\/"},{"@type":"ListItem","position":3,"name":"Special Products"}]},{"@type":"WebSite","@id":"https:\/\/www.gmpreels.com\/en\/#website","url":"https:\/\/www.gmpreels.com\/en\/","name":"GMP Reels","description":"","publisher":{"@id":"https:\/\/www.gmpreels.com\/en\/#organization"},"potentialAction":[{"@type":"SearchAction","target":{"@type":"EntryPoint","urlTemplate":"https:\/\/www.gmpreels.com\/en\/?s={search_term_string}"},"query-input":{"@type":"PropertyValueSpecification","valueRequired":true,"valueName":"search_term_string"}}],"inLanguage":"en-US"},{"@type":"Organization","@id":"https:\/\/www.gmpreels.com\/en\/#organization","name":"GMP Reels","url":"https:\/\/www.gmpreels.com\/en\/","logo":{"@type":"ImageObject","inLanguage":"en-US","@id":"https:\/\/www.gmpreels.com\/en\/#\/schema\/logo\/image\/","url":"https:\/\/www.gmpreels.com\/wp-content\/uploads\/2021\/03\/Logo-GMP-Slovakia.png","contentUrl":"https:\/\/www.gmpreels.com\/wp-content\/uploads\/2021\/03\/Logo-GMP-Slovakia.png","width":352,"height":401,"caption":"GMP Reels"},"image":"https:\/\/gmpreels.com\/wp-content\/uploads\/2021\/04\/SEDE-GMP-2-300x159.png","brand":"GMP Reels","email":"sales@gmp-slovakia.com","telephone":"+421 30 995 33 51","subOrganization":[{"@type":"Organization","name":"GMP Slovakia s.r.o.","description":"Headquarter & Slovakian manufacturing plant","address":{"@type":"PostalAddress","streetAddress":"UL Stani\u010dn\u00e1 \u010d. 109","postalCode":"07651","addressLocality":"Pribenik","addressCountry":"Slovakia"}},{"@type":"Organization","name":"GMP Reels India Private Ltd","description":"Indian manufacturing plant","address":{"@type":"PostalAddress","streetAddress":"Sancheti Warehousing Complex, Gat. No. 217 Ambe Hill, Opposite Apollo Tyres Jaulke, Taluka Dindori","addressLocality":"Nashik","addressRegion":"Maharashtra","postalCode":"422207","addressCountry":"India"}},{"@type":"Organization","name":"GMP Reels - Sede Italia","description":"Italian headquarter","address":{"@type":"PostalAddress","streetAddress":"Via Garibaldi, 2","postalCode":"25010","addressLocality":"Remedello (BS)","addressCountry":"Italy"}}]}]}},"_links":{"self":[{"href":"https:\/\/www.gmpreels.com\/en\/wp-json\/wp\/v2\/pages\/57","targetHints":{"allow":["GET"]}}],"collection":[{"href":"https:\/\/www.gmpreels.com\/en\/wp-json\/wp\/v2\/pages"}],"about":[{"href":"https:\/\/www.gmpreels.com\/en\/wp-json\/wp\/v2\/types\/page"}],"author":[{"embeddable":true,"href":"https:\/\/www.gmpreels.com\/en\/wp-json\/wp\/v2\/users\/1"}],"replies":[{"embeddable":true,"href":"https:\/\/www.gmpreels.com\/en\/wp-json\/wp\/v2\/comments?post=57"}],"version-history":[{"count":10,"href":"https:\/\/www.gmpreels.com\/en\/wp-json\/wp\/v2\/pages\/57\/revisions"}],"predecessor-version":[{"id":3118,"href":"https:\/\/www.gmpreels.com\/en\/wp-json\/wp\/v2\/pages\/57\/revisions\/3118"}],"up":[{"embeddable":true,"href":"https:\/\/www.gmpreels.com\/en\/wp-json\/wp\/v2\/pages\/8"}],"wp:featuredmedia":[{"embeddable":true,"href":"https:\/\/www.gmpreels.com\/en\/wp-json\/wp\/v2\/media\/410"}],"wp:attachment":[{"href":"https:\/\/www.gmpreels.com\/en\/wp-json\/wp\/v2\/media?parent=57"}],"curies":[{"name":"wp","href":"https:\/\/api.w.org\/{rel}","templated":true}]}}