{"id":2717,"date":"2021-03-24T10:45:32","date_gmt":"2021-03-24T09:45:32","guid":{"rendered":"https:\/\/www.gmpreels.com\/company\/"},"modified":"2025-07-22T09:24:58","modified_gmt":"2025-07-22T08:24:58","slug":"azienda","status":"publish","type":"page","link":"https:\/\/www.gmpreels.com\/it\/azienda\/","title":{"rendered":"Azienda"},"content":{"rendered":"","protected":false},"excerpt":{"rendered":"","protected":false},"author":1,"featured_media":0,"parent":0,"menu_order":11,"comment_status":"closed","ping_status":"closed","template":"","meta":{"_acf_changed":false,"inline_featured_image":false,"footnotes":""},"class_list":["post-2717","page","type-page","status-publish","hentry"],"acf":[],"yoast_head":"<!-- This site is optimized with the Yoast SEO plugin v25.9 - https:\/\/yoast.com\/wordpress\/plugins\/seo\/ -->\n<title>I Migliori Produttori di Bobine in Acciaio e Attrezzature Movimentazione<\/title>\n<meta name=\"description\" content=\"Ampia esperienza nella produzione di bobine in acciaio e attrezzature per la movimentazione. Prodotti di lunga durata nel tempo. Scopri la nostra azienda!\" \/>\n<meta name=\"robots\" content=\"index, follow, max-snippet:-1, max-image-preview:large, max-video-preview:-1\" \/>\n<link rel=\"canonical\" href=\"https:\/\/www.gmpreels.com\/it\/azienda\/\" \/>\n<meta property=\"og:locale\" content=\"it_IT\" \/>\n<meta property=\"og:type\" content=\"article\" \/>\n<meta property=\"og:title\" content=\"I Migliori Produttori di Bobine in Acciaio e Attrezzature Movimentazione\" \/>\n<meta property=\"og:description\" content=\"Ampia esperienza nella produzione di bobine in acciaio e attrezzature per la movimentazione. Prodotti di lunga durata nel tempo. Scopri la nostra azienda!\" \/>\n<meta property=\"og:url\" content=\"https:\/\/www.gmpreels.com\/it\/azienda\/\" \/>\n<meta property=\"og:site_name\" content=\"GMP Reels\" \/>\n<meta property=\"article:modified_time\" content=\"2025-07-22T08:24:58+00:00\" \/>\n<meta name=\"twitter:card\" content=\"summary_large_image\" \/>\n<script type=\"application\/ld+json\" class=\"yoast-schema-graph\">{\"@context\":\"https:\/\/schema.org\",\"@graph\":[{\"@type\":\"WebPage\",\"@id\":\"https:\/\/www.gmpreels.com\/it\/azienda\/\",\"url\":\"https:\/\/www.gmpreels.com\/it\/azienda\/\",\"name\":\"I Migliori Produttori di Bobine in Acciaio e Attrezzature Movimentazione\",\"isPartOf\":{\"@id\":\"https:\/\/www.gmpreels.com\/it\/#website\"},\"datePublished\":\"2021-03-24T09:45:32+00:00\",\"dateModified\":\"2025-07-22T08:24:58+00:00\",\"description\":\"Ampia esperienza nella produzione di bobine in acciaio e attrezzature per la movimentazione. Prodotti di lunga durata nel tempo. Scopri la nostra azienda!\",\"breadcrumb\":{\"@id\":\"https:\/\/www.gmpreels.com\/it\/azienda\/#breadcrumb\"},\"inLanguage\":\"it-IT\",\"potentialAction\":[{\"@type\":\"ReadAction\",\"target\":[\"https:\/\/www.gmpreels.com\/it\/azienda\/\"]}]},{\"@type\":\"BreadcrumbList\",\"@id\":\"https:\/\/www.gmpreels.com\/it\/azienda\/#breadcrumb\",\"itemListElement\":[{\"@type\":\"ListItem\",\"position\":1,\"name\":\"Home\",\"item\":\"https:\/\/www.gmpreels.com\/it\/\"},{\"@type\":\"ListItem\",\"position\":2,\"name\":\"Azienda\"}]},{\"@type\":\"WebSite\",\"@id\":\"https:\/\/www.gmpreels.com\/it\/#website\",\"url\":\"https:\/\/www.gmpreels.com\/it\/\",\"name\":\"GMP Reels\",\"description\":\"\",\"publisher\":{\"@id\":\"https:\/\/www.gmpreels.com\/it\/#organization\"},\"potentialAction\":[{\"@type\":\"SearchAction\",\"target\":{\"@type\":\"EntryPoint\",\"urlTemplate\":\"https:\/\/www.gmpreels.com\/it\/?s={search_term_string}\"},\"query-input\":{\"@type\":\"PropertyValueSpecification\",\"valueRequired\":true,\"valueName\":\"search_term_string\"}}],\"inLanguage\":\"it-IT\"},{\"@type\":\"Organization\",\"@id\":\"https:\/\/www.gmpreels.com\/it\/#organization\",\"name\":\"GMP Reels\",\"url\":\"https:\/\/www.gmpreels.com\/it\/\",\"logo\":{\"@type\":\"ImageObject\",\"inLanguage\":\"it-IT\",\"@id\":\"https:\/\/www.gmpreels.com\/it\/#\/schema\/logo\/image\/\",\"url\":\"https:\/\/www.gmpreels.com\/wp-content\/uploads\/2021\/03\/Logo-GMP-Slovakia.png\",\"contentUrl\":\"https:\/\/www.gmpreels.com\/wp-content\/uploads\/2021\/03\/Logo-GMP-Slovakia.png\",\"width\":352,\"height\":401,\"caption\":\"GMP Reels\"},\"image\":\"https:\/\/gmpreels.com\/wp-content\/uploads\/2021\/04\/SEDE-GMP-2-300x159.png\",\"brand\":\"GMP Reels\",\"email\":\"sales@gmp-slovakia.com\",\"telephone\":\"+421 30 995 33 51\",\"subOrganization\":[{\"@type\":\"Organization\",\"name\":\"GMP Slovakia s.r.o.\",\"description\":\"Headquarter & Slovakian manufacturing plant\",\"address\":{\"@type\":\"PostalAddress\",\"streetAddress\":\"UL Stani\u010dn\u00e1 \u010d. 109\",\"postalCode\":\"07651\",\"addressLocality\":\"Pribenik\",\"addressCountry\":\"Slovakia\"}},{\"@type\":\"Organization\",\"name\":\"GMP Reels India Private Ltd\",\"description\":\"Indian manufacturing plant\",\"address\":{\"@type\":\"PostalAddress\",\"streetAddress\":\"Sancheti Warehousing Complex, Gat. No. 217 Ambe Hill, Opposite Apollo Tyres Jaulke, Taluka Dindori\",\"addressLocality\":\"Nashik\",\"addressRegion\":\"Maharashtra\",\"postalCode\":\"422207\",\"addressCountry\":\"India\"}},{\"@type\":\"Organization\",\"name\":\"GMP Reels - Sede Italia\",\"description\":\"Italian headquarter\",\"address\":{\"@type\":\"PostalAddress\",\"streetAddress\":\"Via Garibaldi, 2\",\"postalCode\":\"25010\",\"addressLocality\":\"Remedello (BS)\",\"addressCountry\":\"Italy\"}}]}]}<\/script>\n<!-- \/ Yoast SEO plugin. -->","yoast_head_json":{"title":"I Migliori Produttori di Bobine in Acciaio e Attrezzature Movimentazione","description":"Ampia esperienza nella produzione di bobine in acciaio e attrezzature per la movimentazione. Prodotti di lunga durata nel tempo. Scopri la nostra azienda!","robots":{"index":"index","follow":"follow","max-snippet":"max-snippet:-1","max-image-preview":"max-image-preview:large","max-video-preview":"max-video-preview:-1"},"canonical":"https:\/\/www.gmpreels.com\/it\/azienda\/","og_locale":"it_IT","og_type":"article","og_title":"I Migliori Produttori di Bobine in Acciaio e Attrezzature Movimentazione","og_description":"Ampia esperienza nella produzione di bobine in acciaio e attrezzature per la movimentazione. Prodotti di lunga durata nel tempo. Scopri la nostra azienda!","og_url":"https:\/\/www.gmpreels.com\/it\/azienda\/","og_site_name":"GMP Reels","article_modified_time":"2025-07-22T08:24:58+00:00","twitter_card":"summary_large_image","schema":{"@context":"https:\/\/schema.org","@graph":[{"@type":"WebPage","@id":"https:\/\/www.gmpreels.com\/it\/azienda\/","url":"https:\/\/www.gmpreels.com\/it\/azienda\/","name":"I Migliori Produttori di Bobine in Acciaio e Attrezzature Movimentazione","isPartOf":{"@id":"https:\/\/www.gmpreels.com\/it\/#website"},"datePublished":"2021-03-24T09:45:32+00:00","dateModified":"2025-07-22T08:24:58+00:00","description":"Ampia esperienza nella produzione di bobine in acciaio e attrezzature per la movimentazione. Prodotti di lunga durata nel tempo. Scopri la nostra azienda!","breadcrumb":{"@id":"https:\/\/www.gmpreels.com\/it\/azienda\/#breadcrumb"},"inLanguage":"it-IT","potentialAction":[{"@type":"ReadAction","target":["https:\/\/www.gmpreels.com\/it\/azienda\/"]}]},{"@type":"BreadcrumbList","@id":"https:\/\/www.gmpreels.com\/it\/azienda\/#breadcrumb","itemListElement":[{"@type":"ListItem","position":1,"name":"Home","item":"https:\/\/www.gmpreels.com\/it\/"},{"@type":"ListItem","position":2,"name":"Azienda"}]},{"@type":"WebSite","@id":"https:\/\/www.gmpreels.com\/it\/#website","url":"https:\/\/www.gmpreels.com\/it\/","name":"GMP Reels","description":"","publisher":{"@id":"https:\/\/www.gmpreels.com\/it\/#organization"},"potentialAction":[{"@type":"SearchAction","target":{"@type":"EntryPoint","urlTemplate":"https:\/\/www.gmpreels.com\/it\/?s={search_term_string}"},"query-input":{"@type":"PropertyValueSpecification","valueRequired":true,"valueName":"search_term_string"}}],"inLanguage":"it-IT"},{"@type":"Organization","@id":"https:\/\/www.gmpreels.com\/it\/#organization","name":"GMP Reels","url":"https:\/\/www.gmpreels.com\/it\/","logo":{"@type":"ImageObject","inLanguage":"it-IT","@id":"https:\/\/www.gmpreels.com\/it\/#\/schema\/logo\/image\/","url":"https:\/\/www.gmpreels.com\/wp-content\/uploads\/2021\/03\/Logo-GMP-Slovakia.png","contentUrl":"https:\/\/www.gmpreels.com\/wp-content\/uploads\/2021\/03\/Logo-GMP-Slovakia.png","width":352,"height":401,"caption":"GMP Reels"},"image":"https:\/\/gmpreels.com\/wp-content\/uploads\/2021\/04\/SEDE-GMP-2-300x159.png","brand":"GMP Reels","email":"sales@gmp-slovakia.com","telephone":"+421 30 995 33 51","subOrganization":[{"@type":"Organization","name":"GMP Slovakia s.r.o.","description":"Headquarter & Slovakian manufacturing plant","address":{"@type":"PostalAddress","streetAddress":"UL Stani\u010dn\u00e1 \u010d. 109","postalCode":"07651","addressLocality":"Pribenik","addressCountry":"Slovakia"}},{"@type":"Organization","name":"GMP Reels India Private Ltd","description":"Indian manufacturing plant","address":{"@type":"PostalAddress","streetAddress":"Sancheti Warehousing Complex, Gat. No. 217 Ambe Hill, Opposite Apollo Tyres Jaulke, Taluka Dindori","addressLocality":"Nashik","addressRegion":"Maharashtra","postalCode":"422207","addressCountry":"India"}},{"@type":"Organization","name":"GMP Reels - Sede Italia","description":"Italian headquarter","address":{"@type":"PostalAddress","streetAddress":"Via Garibaldi, 2","postalCode":"25010","addressLocality":"Remedello (BS)","addressCountry":"Italy"}}]}]}},"_links":{"self":[{"href":"https:\/\/www.gmpreels.com\/it\/wp-json\/wp\/v2\/pages\/2717","targetHints":{"allow":["GET"]}}],"collection":[{"href":"https:\/\/www.gmpreels.com\/it\/wp-json\/wp\/v2\/pages"}],"about":[{"href":"https:\/\/www.gmpreels.com\/it\/wp-json\/wp\/v2\/types\/page"}],"author":[{"embeddable":true,"href":"https:\/\/www.gmpreels.com\/it\/wp-json\/wp\/v2\/users\/1"}],"replies":[{"embeddable":true,"href":"https:\/\/www.gmpreels.com\/it\/wp-json\/wp\/v2\/comments?post=2717"}],"version-history":[{"count":7,"href":"https:\/\/www.gmpreels.com\/it\/wp-json\/wp\/v2\/pages\/2717\/revisions"}],"predecessor-version":[{"id":3233,"href":"https:\/\/www.gmpreels.com\/it\/wp-json\/wp\/v2\/pages\/2717\/revisions\/3233"}],"wp:attachment":[{"href":"https:\/\/www.gmpreels.com\/it\/wp-json\/wp\/v2\/media?parent=2717"}],"curies":[{"name":"wp","href":"https:\/\/api.w.org\/{rel}","templated":true}]}}