{"id":2758,"date":"2013-07-17T14:38:16","date_gmt":"2013-07-17T13:38:16","guid":{"rendered":"https:\/\/www.gmpreels.com\/steel-reels\/conical-reel\/"},"modified":"2026-03-12T17:31:52","modified_gmt":"2026-03-12T16:31:52","slug":"flangia-conica","status":"publish","type":"page","link":"https:\/\/www.gmpreels.com\/it\/bobine-acciaio-fisse\/flangia-conica\/","title":{"rendered":"Bobina flangia conica"},"content":{"rendered":"<p>&nbsp;<\/p>\n\n\t\t<style type=\"text\/css\">\n\t\t\t#gallery-1 {\n\t\t\t\tmargin: auto;\n\t\t\t}\n\t\t\t#gallery-1 .gallery-item {\n\t\t\t\tfloat: left;\n\t\t\t\tmargin-top: 10px;\n\t\t\t\ttext-align: center;\n\t\t\t\twidth: 33%;\n\t\t\t}\n\t\t\t#gallery-1 img {\n\t\t\t\tborder: 2px solid #cfcfcf;\n\t\t\t}\n\t\t\t#gallery-1 .gallery-caption {\n\t\t\t\tmargin-left: 0;\n\t\t\t}\n\t\t\t\/* see gallery_shortcode() in wp-includes\/media.php *\/\n\t\t<\/style>\n\t\t<div id='gallery-1' class='gallery galleryid-2758 gallery-columns-3 gallery-size-thumbnail'><dl class='gallery-item'>\n\t\t\t<dt class='gallery-icon landscape'>\n\t\t\t\t<a href='https:\/\/www.gmpreels.com\/it\/conical-barrel-flange-ribbed-2\/'><img decoding=\"async\" width=\"150\" height=\"93\" src=\"https:\/\/www.gmpreels.com\/wp-content\/uploads\/2013\/07\/conical-reel-barrel-flange-ribbed-275x170.jpg\" class=\"attachment-thumbnail size-thumbnail\" alt=\"\" \/><\/a>\n\t\t\t<\/dt><\/dl><dl class='gallery-item'>\n\t\t\t<dt class='gallery-icon landscape'>\n\t\t\t\t<a href='https:\/\/www.gmpreels.com\/it\/olympus-digital-camera-24-2\/'><img decoding=\"async\" width=\"150\" height=\"93\" src=\"https:\/\/www.gmpreels.com\/wp-content\/uploads\/2013\/07\/conical-green-barrel-275x170.jpg\" class=\"attachment-thumbnail size-thumbnail\" alt=\"\" \/><\/a>\n\t\t\t<\/dt><\/dl><dl class='gallery-item'>\n\t\t\t<dt class='gallery-icon landscape'>\n\t\t\t\t<a href='https:\/\/www.gmpreels.com\/it\/kr800-2\/'><img decoding=\"async\" width=\"150\" height=\"93\" src=\"https:\/\/www.gmpreels.com\/wp-content\/uploads\/2013\/07\/conical-reel-800-mm-flange-275x170.jpg\" class=\"attachment-thumbnail size-thumbnail\" alt=\"\" \/><\/a>\n\t\t\t<\/dt><\/dl><br style=\"clear: both\" \/><dl class='gallery-item'>\n\t\t\t<dt class='gallery-icon landscape'>\n\t\t\t\t<a href='https:\/\/www.gmpreels.com\/it\/special-design-2-2-2\/'><img decoding=\"async\" width=\"150\" height=\"93\" src=\"https:\/\/www.gmpreels.com\/wp-content\/uploads\/2013\/07\/conical-reel-special-design-275x170.jpg\" class=\"attachment-thumbnail size-thumbnail\" alt=\"\" \/><\/a>\n\t\t\t<\/dt><\/dl><dl class='gallery-item'>\n\t\t\t<dt class='gallery-icon landscape'>\n\t\t\t\t<a href='https:\/\/www.gmpreels.com\/it\/standing-plate-painted-2\/'><img decoding=\"async\" width=\"150\" height=\"93\" src=\"https:\/\/www.gmpreels.com\/wp-content\/uploads\/2013\/07\/conical-steel-reel-standing-plate-yellow-painted-275x170.jpg\" class=\"attachment-thumbnail size-thumbnail\" alt=\"\" \/><\/a>\n\t\t\t<\/dt><\/dl><dl class='gallery-item'>\n\t\t\t<dt class='gallery-icon landscape'>\n\t\t\t\t<a href='https:\/\/www.gmpreels.com\/it\/olympus-digital-camera-26-2\/'><img decoding=\"async\" width=\"150\" height=\"93\" src=\"https:\/\/www.gmpreels.com\/wp-content\/uploads\/2013\/07\/conical-steel-reels-stock-275x170.jpg\" class=\"attachment-thumbnail size-thumbnail\" alt=\"\" \/><\/a>\n\t\t\t<\/dt><\/dl><br style=\"clear: both\" \/>\n\t\t<\/div>\n\n","protected":false},"excerpt":{"rendered":"<p>&nbsp;<\/p>\n","protected":false},"author":1,"featured_media":2381,"parent":2724,"menu_order":54,"comment_status":"open","ping_status":"closed","template":"","meta":{"_acf_changed":false,"inline_featured_image":false,"footnotes":""},"class_list":["post-2758","page","type-page","status-publish","has-post-thumbnail","hentry"],"acf":[],"yoast_head":"<!-- This site is optimized with the Yoast SEO plugin v27.5 - https:\/\/yoast.com\/product\/yoast-seo-wordpress\/ -->\n<title>Bobina Flangia Conica | GMP Reels<\/title>\n<meta name=\"description\" content=\"Bobina a flangia conica completamente tornita per la trafilatura di filo di rame o acciaio. Lunga durata nel tempo. Scopri di pi\u00f9!\" \/>\n<meta name=\"robots\" content=\"index, follow, max-snippet:-1, max-image-preview:large, max-video-preview:-1\" \/>\n<link rel=\"canonical\" href=\"https:\/\/www.gmpreels.com\/it\/bobine-acciaio-fisse\/flangia-conica\/\" \/>\n<meta property=\"og:locale\" content=\"it_IT\" \/>\n<meta property=\"og:type\" content=\"article\" \/>\n<meta property=\"og:title\" content=\"Bobina Flangia Conica | GMP Reels\" \/>\n<meta property=\"og:description\" content=\"Bobina a flangia conica completamente tornita per la trafilatura di filo di rame o acciaio. Lunga durata nel tempo. Scopri di pi\u00f9!\" \/>\n<meta property=\"og:url\" content=\"https:\/\/www.gmpreels.com\/it\/bobine-acciaio-fisse\/flangia-conica\/\" \/>\n<meta property=\"og:site_name\" content=\"GMP Reels\" \/>\n<meta property=\"article:modified_time\" content=\"2026-03-12T16:31:52+00:00\" \/>\n<meta property=\"og:image\" content=\"https:\/\/www.gmpreels.com\/wp-content\/uploads\/2013\/07\/KR-immagine-principale.png\" \/>\n\t<meta property=\"og:image:width\" content=\"362\" \/>\n\t<meta property=\"og:image:height\" content=\"350\" \/>\n\t<meta property=\"og:image:type\" content=\"image\/png\" \/>\n<meta name=\"twitter:card\" content=\"summary_large_image\" \/>\n<meta name=\"twitter:label1\" content=\"Tempo di lettura stimato\" \/>\n\t<meta name=\"twitter:data1\" content=\"1 minuto\" \/>\n<script type=\"application\/ld+json\" class=\"yoast-schema-graph\">{\"@context\":\"https:\\\/\\\/schema.org\",\"@graph\":[{\"@type\":\"WebPage\",\"@id\":\"https:\\\/\\\/www.gmpreels.com\\\/it\\\/bobine-acciaio-fisse\\\/flangia-conica\\\/\",\"url\":\"https:\\\/\\\/www.gmpreels.com\\\/it\\\/bobine-acciaio-fisse\\\/flangia-conica\\\/\",\"name\":\"Bobina Flangia Conica | GMP Reels\",\"isPartOf\":{\"@id\":\"https:\\\/\\\/www.gmpreels.com\\\/it\\\/#website\"},\"primaryImageOfPage\":{\"@id\":\"https:\\\/\\\/www.gmpreels.com\\\/it\\\/bobine-acciaio-fisse\\\/flangia-conica\\\/#primaryimage\"},\"image\":{\"@id\":\"https:\\\/\\\/www.gmpreels.com\\\/it\\\/bobine-acciaio-fisse\\\/flangia-conica\\\/#primaryimage\"},\"thumbnailUrl\":\"https:\\\/\\\/www.gmpreels.com\\\/wp-content\\\/uploads\\\/2013\\\/07\\\/KR-immagine-principale.png\",\"datePublished\":\"2013-07-17T13:38:16+00:00\",\"dateModified\":\"2026-03-12T16:31:52+00:00\",\"description\":\"Bobina a flangia conica completamente tornita per la trafilatura di filo di rame o acciaio. Lunga durata nel tempo. Scopri di pi\u00f9!\",\"breadcrumb\":{\"@id\":\"https:\\\/\\\/www.gmpreels.com\\\/it\\\/bobine-acciaio-fisse\\\/flangia-conica\\\/#breadcrumb\"},\"inLanguage\":\"it-IT\",\"potentialAction\":[{\"@type\":\"ReadAction\",\"target\":[\"https:\\\/\\\/www.gmpreels.com\\\/it\\\/bobine-acciaio-fisse\\\/flangia-conica\\\/\"]}]},{\"@type\":\"ImageObject\",\"inLanguage\":\"it-IT\",\"@id\":\"https:\\\/\\\/www.gmpreels.com\\\/it\\\/bobine-acciaio-fisse\\\/flangia-conica\\\/#primaryimage\",\"url\":\"https:\\\/\\\/www.gmpreels.com\\\/wp-content\\\/uploads\\\/2013\\\/07\\\/KR-immagine-principale.png\",\"contentUrl\":\"https:\\\/\\\/www.gmpreels.com\\\/wp-content\\\/uploads\\\/2013\\\/07\\\/KR-immagine-principale.png\",\"width\":362,\"height\":350},{\"@type\":\"BreadcrumbList\",\"@id\":\"https:\\\/\\\/www.gmpreels.com\\\/it\\\/bobine-acciaio-fisse\\\/flangia-conica\\\/#breadcrumb\",\"itemListElement\":[{\"@type\":\"ListItem\",\"position\":1,\"name\":\"Home\",\"item\":\"https:\\\/\\\/www.gmpreels.com\\\/it\\\/\"},{\"@type\":\"ListItem\",\"position\":2,\"name\":\"Bobine fisse\",\"item\":\"https:\\\/\\\/www.gmpreels.com\\\/it\\\/bobine-acciaio-fisse\\\/\"},{\"@type\":\"ListItem\",\"position\":3,\"name\":\"Bobina flangia conica\"}]},{\"@type\":\"WebSite\",\"@id\":\"https:\\\/\\\/www.gmpreels.com\\\/it\\\/#website\",\"url\":\"https:\\\/\\\/www.gmpreels.com\\\/it\\\/\",\"name\":\"GMP Reels\",\"description\":\"\",\"publisher\":{\"@id\":\"https:\\\/\\\/www.gmpreels.com\\\/it\\\/#organization\"},\"potentialAction\":[{\"@type\":\"SearchAction\",\"target\":{\"@type\":\"EntryPoint\",\"urlTemplate\":\"https:\\\/\\\/www.gmpreels.com\\\/it\\\/?s={search_term_string}\"},\"query-input\":{\"@type\":\"PropertyValueSpecification\",\"valueRequired\":true,\"valueName\":\"search_term_string\"}}],\"inLanguage\":\"it-IT\"},{\"@type\":\"Organization\",\"@id\":\"https:\\\/\\\/www.gmpreels.com\\\/it\\\/#organization\",\"name\":\"GMP Reels\",\"url\":\"https:\\\/\\\/www.gmpreels.com\\\/it\\\/\",\"logo\":{\"@type\":\"ImageObject\",\"inLanguage\":\"it-IT\",\"@id\":\"https:\\\/\\\/www.gmpreels.com\\\/it\\\/#\\\/schema\\\/logo\\\/image\\\/\",\"url\":\"https:\\\/\\\/www.gmpreels.com\\\/wp-content\\\/uploads\\\/2021\\\/03\\\/Logo-GMP-Slovakia.png\",\"contentUrl\":\"https:\\\/\\\/www.gmpreels.com\\\/wp-content\\\/uploads\\\/2021\\\/03\\\/Logo-GMP-Slovakia.png\",\"width\":352,\"height\":401,\"caption\":\"GMP Reels\"},\"image\":\"https:\\\/\\\/gmpreels.com\\\/wp-content\\\/uploads\\\/2021\\\/04\\\/SEDE-GMP-2-300x159.png\",\"brand\":\"GMP Reels\",\"email\":\"sales@gmp-slovakia.com\",\"telephone\":\"+421 30 995 33 51\",\"subOrganization\":[{\"@type\":\"Organization\",\"name\":\"GMP Slovakia s.r.o.\",\"description\":\"Headquarter & Slovakian manufacturing plant\",\"address\":{\"@type\":\"PostalAddress\",\"streetAddress\":\"UL Stani\u010dn\u00e1 \u010d. 109\",\"postalCode\":\"07651\",\"addressLocality\":\"Pribenik\",\"addressCountry\":\"Slovakia\"}},{\"@type\":\"Organization\",\"name\":\"GMP Reels India Private Ltd\",\"description\":\"Indian manufacturing plant\",\"address\":{\"@type\":\"PostalAddress\",\"streetAddress\":\"Sancheti Warehousing Complex, Gat. No. 217 Ambe Hill, Opposite Apollo Tyres Jaulke, Taluka Dindori\",\"addressLocality\":\"Nashik\",\"addressRegion\":\"Maharashtra\",\"postalCode\":\"422207\",\"addressCountry\":\"India\"}},{\"@type\":\"Organization\",\"name\":\"GMP Reels - Sede Italia\",\"description\":\"Italian headquarter\",\"address\":{\"@type\":\"PostalAddress\",\"streetAddress\":\"Via Garibaldi, 2\",\"postalCode\":\"25010\",\"addressLocality\":\"Remedello (BS)\",\"addressCountry\":\"Italy\"}}]}]}<\/script>\n<!-- \/ Yoast SEO plugin. -->","yoast_head_json":{"title":"Bobina Flangia Conica | GMP Reels","description":"Bobina a flangia conica completamente tornita per la trafilatura di filo di rame o acciaio. Lunga durata nel tempo. Scopri di pi\u00f9!","robots":{"index":"index","follow":"follow","max-snippet":"max-snippet:-1","max-image-preview":"max-image-preview:large","max-video-preview":"max-video-preview:-1"},"canonical":"https:\/\/www.gmpreels.com\/it\/bobine-acciaio-fisse\/flangia-conica\/","og_locale":"it_IT","og_type":"article","og_title":"Bobina Flangia Conica | GMP Reels","og_description":"Bobina a flangia conica completamente tornita per la trafilatura di filo di rame o acciaio. Lunga durata nel tempo. Scopri di pi\u00f9!","og_url":"https:\/\/www.gmpreels.com\/it\/bobine-acciaio-fisse\/flangia-conica\/","og_site_name":"GMP Reels","article_modified_time":"2026-03-12T16:31:52+00:00","og_image":[{"width":362,"height":350,"url":"https:\/\/www.gmpreels.com\/wp-content\/uploads\/2013\/07\/KR-immagine-principale.png","type":"image\/png"}],"twitter_card":"summary_large_image","twitter_misc":{"Tempo di lettura stimato":"1 minuto"},"schema":{"@context":"https:\/\/schema.org","@graph":[{"@type":"WebPage","@id":"https:\/\/www.gmpreels.com\/it\/bobine-acciaio-fisse\/flangia-conica\/","url":"https:\/\/www.gmpreels.com\/it\/bobine-acciaio-fisse\/flangia-conica\/","name":"Bobina Flangia Conica | GMP Reels","isPartOf":{"@id":"https:\/\/www.gmpreels.com\/it\/#website"},"primaryImageOfPage":{"@id":"https:\/\/www.gmpreels.com\/it\/bobine-acciaio-fisse\/flangia-conica\/#primaryimage"},"image":{"@id":"https:\/\/www.gmpreels.com\/it\/bobine-acciaio-fisse\/flangia-conica\/#primaryimage"},"thumbnailUrl":"https:\/\/www.gmpreels.com\/wp-content\/uploads\/2013\/07\/KR-immagine-principale.png","datePublished":"2013-07-17T13:38:16+00:00","dateModified":"2026-03-12T16:31:52+00:00","description":"Bobina a flangia conica completamente tornita per la trafilatura di filo di rame o acciaio. Lunga durata nel tempo. Scopri di pi\u00f9!","breadcrumb":{"@id":"https:\/\/www.gmpreels.com\/it\/bobine-acciaio-fisse\/flangia-conica\/#breadcrumb"},"inLanguage":"it-IT","potentialAction":[{"@type":"ReadAction","target":["https:\/\/www.gmpreels.com\/it\/bobine-acciaio-fisse\/flangia-conica\/"]}]},{"@type":"ImageObject","inLanguage":"it-IT","@id":"https:\/\/www.gmpreels.com\/it\/bobine-acciaio-fisse\/flangia-conica\/#primaryimage","url":"https:\/\/www.gmpreels.com\/wp-content\/uploads\/2013\/07\/KR-immagine-principale.png","contentUrl":"https:\/\/www.gmpreels.com\/wp-content\/uploads\/2013\/07\/KR-immagine-principale.png","width":362,"height":350},{"@type":"BreadcrumbList","@id":"https:\/\/www.gmpreels.com\/it\/bobine-acciaio-fisse\/flangia-conica\/#breadcrumb","itemListElement":[{"@type":"ListItem","position":1,"name":"Home","item":"https:\/\/www.gmpreels.com\/it\/"},{"@type":"ListItem","position":2,"name":"Bobine fisse","item":"https:\/\/www.gmpreels.com\/it\/bobine-acciaio-fisse\/"},{"@type":"ListItem","position":3,"name":"Bobina flangia conica"}]},{"@type":"WebSite","@id":"https:\/\/www.gmpreels.com\/it\/#website","url":"https:\/\/www.gmpreels.com\/it\/","name":"GMP Reels","description":"","publisher":{"@id":"https:\/\/www.gmpreels.com\/it\/#organization"},"potentialAction":[{"@type":"SearchAction","target":{"@type":"EntryPoint","urlTemplate":"https:\/\/www.gmpreels.com\/it\/?s={search_term_string}"},"query-input":{"@type":"PropertyValueSpecification","valueRequired":true,"valueName":"search_term_string"}}],"inLanguage":"it-IT"},{"@type":"Organization","@id":"https:\/\/www.gmpreels.com\/it\/#organization","name":"GMP Reels","url":"https:\/\/www.gmpreels.com\/it\/","logo":{"@type":"ImageObject","inLanguage":"it-IT","@id":"https:\/\/www.gmpreels.com\/it\/#\/schema\/logo\/image\/","url":"https:\/\/www.gmpreels.com\/wp-content\/uploads\/2021\/03\/Logo-GMP-Slovakia.png","contentUrl":"https:\/\/www.gmpreels.com\/wp-content\/uploads\/2021\/03\/Logo-GMP-Slovakia.png","width":352,"height":401,"caption":"GMP Reels"},"image":"https:\/\/gmpreels.com\/wp-content\/uploads\/2021\/04\/SEDE-GMP-2-300x159.png","brand":"GMP Reels","email":"sales@gmp-slovakia.com","telephone":"+421 30 995 33 51","subOrganization":[{"@type":"Organization","name":"GMP Slovakia s.r.o.","description":"Headquarter & Slovakian manufacturing plant","address":{"@type":"PostalAddress","streetAddress":"UL Stani\u010dn\u00e1 \u010d. 109","postalCode":"07651","addressLocality":"Pribenik","addressCountry":"Slovakia"}},{"@type":"Organization","name":"GMP Reels India Private Ltd","description":"Indian manufacturing plant","address":{"@type":"PostalAddress","streetAddress":"Sancheti Warehousing Complex, Gat. No. 217 Ambe Hill, Opposite Apollo Tyres Jaulke, Taluka Dindori","addressLocality":"Nashik","addressRegion":"Maharashtra","postalCode":"422207","addressCountry":"India"}},{"@type":"Organization","name":"GMP Reels - Sede Italia","description":"Italian headquarter","address":{"@type":"PostalAddress","streetAddress":"Via Garibaldi, 2","postalCode":"25010","addressLocality":"Remedello (BS)","addressCountry":"Italy"}}]}]}},"_links":{"self":[{"href":"https:\/\/www.gmpreels.com\/it\/wp-json\/wp\/v2\/pages\/2758","targetHints":{"allow":["GET"]}}],"collection":[{"href":"https:\/\/www.gmpreels.com\/it\/wp-json\/wp\/v2\/pages"}],"about":[{"href":"https:\/\/www.gmpreels.com\/it\/wp-json\/wp\/v2\/types\/page"}],"author":[{"embeddable":true,"href":"https:\/\/www.gmpreels.com\/it\/wp-json\/wp\/v2\/users\/1"}],"replies":[{"embeddable":true,"href":"https:\/\/www.gmpreels.com\/it\/wp-json\/wp\/v2\/comments?post=2758"}],"version-history":[{"count":6,"href":"https:\/\/www.gmpreels.com\/it\/wp-json\/wp\/v2\/pages\/2758\/revisions"}],"predecessor-version":[{"id":3423,"href":"https:\/\/www.gmpreels.com\/it\/wp-json\/wp\/v2\/pages\/2758\/revisions\/3423"}],"up":[{"embeddable":true,"href":"https:\/\/www.gmpreels.com\/it\/wp-json\/wp\/v2\/pages\/2724"}],"wp:featuredmedia":[{"embeddable":true,"href":"https:\/\/www.gmpreels.com\/it\/wp-json\/wp\/v2\/media\/2381"}],"wp:attachment":[{"href":"https:\/\/www.gmpreels.com\/it\/wp-json\/wp\/v2\/media?parent=2758"}],"curies":[{"name":"wp","href":"https:\/\/api.w.org\/{rel}","templated":true}]}}