{"id":2795,"date":"2013-07-17T14:40:55","date_gmt":"2013-07-17T13:40:55","guid":{"rendered":"https:\/\/www.gmpreels.com\/reel-handling-equipment\/tilters\/reel-coil-tilter\/"},"modified":"2026-03-13T12:01:46","modified_gmt":"2026-03-13T11:01:46","slug":"bobine-matasse","status":"publish","type":"page","link":"https:\/\/www.gmpreels.com\/it\/attrezzature-movimentazione\/ribaltatori\/bobine-matasse\/","title":{"rendered":"Ribaltatore di bobine e matasse"},"content":{"rendered":"","protected":false},"excerpt":{"rendered":"","protected":false},"author":1,"featured_media":2667,"parent":2793,"menu_order":47,"comment_status":"open","ping_status":"closed","template":"","meta":{"_acf_changed":false,"inline_featured_image":false,"footnotes":""},"class_list":["post-2795","page","type-page","status-publish","has-post-thumbnail","hentry"],"acf":[],"yoast_head":"<!-- This site is optimized with the Yoast SEO plugin v25.9 - https:\/\/yoast.com\/wordpress\/plugins\/seo\/ -->\n<title>Ribaltatori per Coils e Bobine - GMP Reels<\/title>\n<meta name=\"robots\" content=\"index, follow, max-snippet:-1, max-image-preview:large, max-video-preview:-1\" \/>\n<link rel=\"canonical\" href=\"https:\/\/www.gmpreels.com\/it\/attrezzature-movimentazione\/ribaltatori\/bobine-matasse\/\" \/>\n<meta property=\"og:locale\" content=\"it_IT\" \/>\n<meta property=\"og:type\" content=\"article\" \/>\n<meta property=\"og:title\" content=\"Ribaltatori per Coils e Bobine - GMP Reels\" \/>\n<meta property=\"og:url\" content=\"https:\/\/www.gmpreels.com\/it\/attrezzature-movimentazione\/ribaltatori\/bobine-matasse\/\" \/>\n<meta property=\"og:site_name\" content=\"GMP Reels\" \/>\n<meta property=\"article:modified_time\" content=\"2026-03-13T11:01:46+00:00\" \/>\n<meta property=\"og:image\" content=\"https:\/\/www.gmpreels.com\/wp-content\/uploads\/2021\/04\/automatic-reel-and-coil-tilter.png\" \/>\n\t<meta property=\"og:image:width\" content=\"600\" \/>\n\t<meta property=\"og:image:height\" content=\"600\" \/>\n\t<meta property=\"og:image:type\" content=\"image\/png\" \/>\n<meta name=\"twitter:card\" content=\"summary_large_image\" \/>\n<script type=\"application\/ld+json\" class=\"yoast-schema-graph\">{\"@context\":\"https:\/\/schema.org\",\"@graph\":[{\"@type\":\"WebPage\",\"@id\":\"https:\/\/www.gmpreels.com\/it\/attrezzature-movimentazione\/ribaltatori\/bobine-matasse\/\",\"url\":\"https:\/\/www.gmpreels.com\/it\/attrezzature-movimentazione\/ribaltatori\/bobine-matasse\/\",\"name\":\"Ribaltatori per Coils e Bobine - GMP Reels\",\"isPartOf\":{\"@id\":\"https:\/\/www.gmpreels.com\/it\/#website\"},\"primaryImageOfPage\":{\"@id\":\"https:\/\/www.gmpreels.com\/it\/attrezzature-movimentazione\/ribaltatori\/bobine-matasse\/#primaryimage\"},\"image\":{\"@id\":\"https:\/\/www.gmpreels.com\/it\/attrezzature-movimentazione\/ribaltatori\/bobine-matasse\/#primaryimage\"},\"thumbnailUrl\":\"https:\/\/www.gmpreels.com\/wp-content\/uploads\/2021\/04\/automatic-reel-and-coil-tilter.png\",\"datePublished\":\"2013-07-17T13:40:55+00:00\",\"dateModified\":\"2026-03-13T11:01:46+00:00\",\"breadcrumb\":{\"@id\":\"https:\/\/www.gmpreels.com\/it\/attrezzature-movimentazione\/ribaltatori\/bobine-matasse\/#breadcrumb\"},\"inLanguage\":\"it-IT\",\"potentialAction\":[{\"@type\":\"ReadAction\",\"target\":[\"https:\/\/www.gmpreels.com\/it\/attrezzature-movimentazione\/ribaltatori\/bobine-matasse\/\"]}]},{\"@type\":\"ImageObject\",\"inLanguage\":\"it-IT\",\"@id\":\"https:\/\/www.gmpreels.com\/it\/attrezzature-movimentazione\/ribaltatori\/bobine-matasse\/#primaryimage\",\"url\":\"https:\/\/www.gmpreels.com\/wp-content\/uploads\/2021\/04\/automatic-reel-and-coil-tilter.png\",\"contentUrl\":\"https:\/\/www.gmpreels.com\/wp-content\/uploads\/2021\/04\/automatic-reel-and-coil-tilter.png\",\"width\":600,\"height\":600},{\"@type\":\"BreadcrumbList\",\"@id\":\"https:\/\/www.gmpreels.com\/it\/attrezzature-movimentazione\/ribaltatori\/bobine-matasse\/#breadcrumb\",\"itemListElement\":[{\"@type\":\"ListItem\",\"position\":1,\"name\":\"Home\",\"item\":\"https:\/\/www.gmpreels.com\/it\/\"},{\"@type\":\"ListItem\",\"position\":2,\"name\":\"Attrezzature per la movimentazione\",\"item\":\"https:\/\/www.gmpreels.com\/it\/attrezzature-movimentazione\/\"},{\"@type\":\"ListItem\",\"position\":3,\"name\":\"Ribaltatori bobine\",\"item\":\"https:\/\/www.gmpreels.com\/it\/attrezzature-movimentazione\/ribaltatori\/\"},{\"@type\":\"ListItem\",\"position\":4,\"name\":\"Ribaltatore di bobine e matasse\"}]},{\"@type\":\"WebSite\",\"@id\":\"https:\/\/www.gmpreels.com\/it\/#website\",\"url\":\"https:\/\/www.gmpreels.com\/it\/\",\"name\":\"GMP Reels\",\"description\":\"\",\"publisher\":{\"@id\":\"https:\/\/www.gmpreels.com\/it\/#organization\"},\"potentialAction\":[{\"@type\":\"SearchAction\",\"target\":{\"@type\":\"EntryPoint\",\"urlTemplate\":\"https:\/\/www.gmpreels.com\/it\/?s={search_term_string}\"},\"query-input\":{\"@type\":\"PropertyValueSpecification\",\"valueRequired\":true,\"valueName\":\"search_term_string\"}}],\"inLanguage\":\"it-IT\"},{\"@type\":\"Organization\",\"@id\":\"https:\/\/www.gmpreels.com\/it\/#organization\",\"name\":\"GMP Reels\",\"url\":\"https:\/\/www.gmpreels.com\/it\/\",\"logo\":{\"@type\":\"ImageObject\",\"inLanguage\":\"it-IT\",\"@id\":\"https:\/\/www.gmpreels.com\/it\/#\/schema\/logo\/image\/\",\"url\":\"https:\/\/www.gmpreels.com\/wp-content\/uploads\/2021\/03\/Logo-GMP-Slovakia.png\",\"contentUrl\":\"https:\/\/www.gmpreels.com\/wp-content\/uploads\/2021\/03\/Logo-GMP-Slovakia.png\",\"width\":352,\"height\":401,\"caption\":\"GMP Reels\"},\"image\":\"https:\/\/gmpreels.com\/wp-content\/uploads\/2021\/04\/SEDE-GMP-2-300x159.png\",\"brand\":\"GMP Reels\",\"email\":\"sales@gmp-slovakia.com\",\"telephone\":\"+421 30 995 33 51\",\"subOrganization\":[{\"@type\":\"Organization\",\"name\":\"GMP Slovakia s.r.o.\",\"description\":\"Headquarter & Slovakian manufacturing plant\",\"address\":{\"@type\":\"PostalAddress\",\"streetAddress\":\"UL Stani\u010dn\u00e1 \u010d. 109\",\"postalCode\":\"07651\",\"addressLocality\":\"Pribenik\",\"addressCountry\":\"Slovakia\"}},{\"@type\":\"Organization\",\"name\":\"GMP Reels India Private Ltd\",\"description\":\"Indian manufacturing plant\",\"address\":{\"@type\":\"PostalAddress\",\"streetAddress\":\"Sancheti Warehousing Complex, Gat. No. 217 Ambe Hill, Opposite Apollo Tyres Jaulke, Taluka Dindori\",\"addressLocality\":\"Nashik\",\"addressRegion\":\"Maharashtra\",\"postalCode\":\"422207\",\"addressCountry\":\"India\"}},{\"@type\":\"Organization\",\"name\":\"GMP Reels - Sede Italia\",\"description\":\"Italian headquarter\",\"address\":{\"@type\":\"PostalAddress\",\"streetAddress\":\"Via Garibaldi, 2\",\"postalCode\":\"25010\",\"addressLocality\":\"Remedello (BS)\",\"addressCountry\":\"Italy\"}}]}]}<\/script>\n<!-- \/ Yoast SEO plugin. -->","yoast_head_json":{"title":"Ribaltatori per Coils e Bobine - GMP Reels","robots":{"index":"index","follow":"follow","max-snippet":"max-snippet:-1","max-image-preview":"max-image-preview:large","max-video-preview":"max-video-preview:-1"},"canonical":"https:\/\/www.gmpreels.com\/it\/attrezzature-movimentazione\/ribaltatori\/bobine-matasse\/","og_locale":"it_IT","og_type":"article","og_title":"Ribaltatori per Coils e Bobine - GMP Reels","og_url":"https:\/\/www.gmpreels.com\/it\/attrezzature-movimentazione\/ribaltatori\/bobine-matasse\/","og_site_name":"GMP Reels","article_modified_time":"2026-03-13T11:01:46+00:00","og_image":[{"width":600,"height":600,"url":"https:\/\/www.gmpreels.com\/wp-content\/uploads\/2021\/04\/automatic-reel-and-coil-tilter.png","type":"image\/png"}],"twitter_card":"summary_large_image","schema":{"@context":"https:\/\/schema.org","@graph":[{"@type":"WebPage","@id":"https:\/\/www.gmpreels.com\/it\/attrezzature-movimentazione\/ribaltatori\/bobine-matasse\/","url":"https:\/\/www.gmpreels.com\/it\/attrezzature-movimentazione\/ribaltatori\/bobine-matasse\/","name":"Ribaltatori per Coils e Bobine - GMP Reels","isPartOf":{"@id":"https:\/\/www.gmpreels.com\/it\/#website"},"primaryImageOfPage":{"@id":"https:\/\/www.gmpreels.com\/it\/attrezzature-movimentazione\/ribaltatori\/bobine-matasse\/#primaryimage"},"image":{"@id":"https:\/\/www.gmpreels.com\/it\/attrezzature-movimentazione\/ribaltatori\/bobine-matasse\/#primaryimage"},"thumbnailUrl":"https:\/\/www.gmpreels.com\/wp-content\/uploads\/2021\/04\/automatic-reel-and-coil-tilter.png","datePublished":"2013-07-17T13:40:55+00:00","dateModified":"2026-03-13T11:01:46+00:00","breadcrumb":{"@id":"https:\/\/www.gmpreels.com\/it\/attrezzature-movimentazione\/ribaltatori\/bobine-matasse\/#breadcrumb"},"inLanguage":"it-IT","potentialAction":[{"@type":"ReadAction","target":["https:\/\/www.gmpreels.com\/it\/attrezzature-movimentazione\/ribaltatori\/bobine-matasse\/"]}]},{"@type":"ImageObject","inLanguage":"it-IT","@id":"https:\/\/www.gmpreels.com\/it\/attrezzature-movimentazione\/ribaltatori\/bobine-matasse\/#primaryimage","url":"https:\/\/www.gmpreels.com\/wp-content\/uploads\/2021\/04\/automatic-reel-and-coil-tilter.png","contentUrl":"https:\/\/www.gmpreels.com\/wp-content\/uploads\/2021\/04\/automatic-reel-and-coil-tilter.png","width":600,"height":600},{"@type":"BreadcrumbList","@id":"https:\/\/www.gmpreels.com\/it\/attrezzature-movimentazione\/ribaltatori\/bobine-matasse\/#breadcrumb","itemListElement":[{"@type":"ListItem","position":1,"name":"Home","item":"https:\/\/www.gmpreels.com\/it\/"},{"@type":"ListItem","position":2,"name":"Attrezzature per la movimentazione","item":"https:\/\/www.gmpreels.com\/it\/attrezzature-movimentazione\/"},{"@type":"ListItem","position":3,"name":"Ribaltatori bobine","item":"https:\/\/www.gmpreels.com\/it\/attrezzature-movimentazione\/ribaltatori\/"},{"@type":"ListItem","position":4,"name":"Ribaltatore di bobine e matasse"}]},{"@type":"WebSite","@id":"https:\/\/www.gmpreels.com\/it\/#website","url":"https:\/\/www.gmpreels.com\/it\/","name":"GMP Reels","description":"","publisher":{"@id":"https:\/\/www.gmpreels.com\/it\/#organization"},"potentialAction":[{"@type":"SearchAction","target":{"@type":"EntryPoint","urlTemplate":"https:\/\/www.gmpreels.com\/it\/?s={search_term_string}"},"query-input":{"@type":"PropertyValueSpecification","valueRequired":true,"valueName":"search_term_string"}}],"inLanguage":"it-IT"},{"@type":"Organization","@id":"https:\/\/www.gmpreels.com\/it\/#organization","name":"GMP Reels","url":"https:\/\/www.gmpreels.com\/it\/","logo":{"@type":"ImageObject","inLanguage":"it-IT","@id":"https:\/\/www.gmpreels.com\/it\/#\/schema\/logo\/image\/","url":"https:\/\/www.gmpreels.com\/wp-content\/uploads\/2021\/03\/Logo-GMP-Slovakia.png","contentUrl":"https:\/\/www.gmpreels.com\/wp-content\/uploads\/2021\/03\/Logo-GMP-Slovakia.png","width":352,"height":401,"caption":"GMP Reels"},"image":"https:\/\/gmpreels.com\/wp-content\/uploads\/2021\/04\/SEDE-GMP-2-300x159.png","brand":"GMP Reels","email":"sales@gmp-slovakia.com","telephone":"+421 30 995 33 51","subOrganization":[{"@type":"Organization","name":"GMP Slovakia s.r.o.","description":"Headquarter & Slovakian manufacturing plant","address":{"@type":"PostalAddress","streetAddress":"UL Stani\u010dn\u00e1 \u010d. 109","postalCode":"07651","addressLocality":"Pribenik","addressCountry":"Slovakia"}},{"@type":"Organization","name":"GMP Reels India Private Ltd","description":"Indian manufacturing plant","address":{"@type":"PostalAddress","streetAddress":"Sancheti Warehousing Complex, Gat. No. 217 Ambe Hill, Opposite Apollo Tyres Jaulke, Taluka Dindori","addressLocality":"Nashik","addressRegion":"Maharashtra","postalCode":"422207","addressCountry":"India"}},{"@type":"Organization","name":"GMP Reels - Sede Italia","description":"Italian headquarter","address":{"@type":"PostalAddress","streetAddress":"Via Garibaldi, 2","postalCode":"25010","addressLocality":"Remedello (BS)","addressCountry":"Italy"}}]}]}},"_links":{"self":[{"href":"https:\/\/www.gmpreels.com\/it\/wp-json\/wp\/v2\/pages\/2795","targetHints":{"allow":["GET"]}}],"collection":[{"href":"https:\/\/www.gmpreels.com\/it\/wp-json\/wp\/v2\/pages"}],"about":[{"href":"https:\/\/www.gmpreels.com\/it\/wp-json\/wp\/v2\/types\/page"}],"author":[{"embeddable":true,"href":"https:\/\/www.gmpreels.com\/it\/wp-json\/wp\/v2\/users\/1"}],"replies":[{"embeddable":true,"href":"https:\/\/www.gmpreels.com\/it\/wp-json\/wp\/v2\/comments?post=2795"}],"version-history":[{"count":7,"href":"https:\/\/www.gmpreels.com\/it\/wp-json\/wp\/v2\/pages\/2795\/revisions"}],"predecessor-version":[{"id":3545,"href":"https:\/\/www.gmpreels.com\/it\/wp-json\/wp\/v2\/pages\/2795\/revisions\/3545"}],"up":[{"embeddable":true,"href":"https:\/\/www.gmpreels.com\/it\/wp-json\/wp\/v2\/pages\/2793"}],"wp:featuredmedia":[{"embeddable":true,"href":"https:\/\/www.gmpreels.com\/it\/wp-json\/wp\/v2\/media\/2667"}],"wp:attachment":[{"href":"https:\/\/www.gmpreels.com\/it\/wp-json\/wp\/v2\/media?parent=2795"}],"curies":[{"name":"wp","href":"https:\/\/api.w.org\/{rel}","templated":true}]}}